{"id":1356,"date":"2020-02-28T06:22:51","date_gmt":"2020-02-28T11:22:51","guid":{"rendered":"https:\/\/findthekey.ca\/redeem-voucher\/"},"modified":"2023-09-21T11:53:58","modified_gmt":"2023-09-21T15:53:58","slug":"echanger-un-bon","status":"publish","type":"page","link":"https:\/\/findthekey.ca\/fr\/echanger-un-bon\/","title":{"rendered":"UTILISER UN CERTIFICAT CADEAU"},"content":{"rendered":"\t\t<div data-elementor-type=\"wp-post\" data-elementor-id=\"1356\" class=\"elementor elementor-1356 elementor-1194\" data-elementor-post-type=\"page\">\n\t\t\t\t\t\t<section class=\"elementor-section elementor-top-section elementor-element elementor-element-003af25 elementor-section-boxed elementor-section-height-default elementor-section-height-default\" data-id=\"003af25\" data-element_type=\"section\" data-e-type=\"section\">\n\t\t\t\t\t\t<div class=\"elementor-container elementor-column-gap-default\">\n\t\t\t\t\t<div class=\"elementor-column elementor-col-100 elementor-top-column elementor-element elementor-element-c737a18\" data-id=\"c737a18\" data-element_type=\"column\" data-e-type=\"column\">\n\t\t\t<div class=\"elementor-widget-wrap elementor-element-populated\">\n\t\t\t\t\t\t<div class=\"elementor-element elementor-element-e76718b elementor-widget elementor-widget-heading\" data-id=\"e76718b\" data-element_type=\"widget\" data-e-type=\"widget\" data-widget_type=\"heading.default\">\n\t\t\t\t<div class=\"elementor-widget-container\">\n\t\t\t\t\t<h2 class=\"elementor-heading-title elementor-size-default\">Utiliser un Certificat Cadeau:<\/h2>\t\t\t\t<\/div>\n\t\t\t\t<\/div>\n\t\t\t\t\t<\/div>\n\t\t<\/div>\n\t\t\t\t\t<\/div>\n\t\t<\/section>\n\t\t\t\t<section class=\"elementor-section elementor-top-section elementor-element elementor-element-b46950e elementor-section-boxed elementor-section-height-default elementor-section-height-default\" data-id=\"b46950e\" data-element_type=\"section\" data-e-type=\"section\">\n\t\t\t\t\t\t<div class=\"elementor-container elementor-column-gap-default\">\n\t\t\t\t\t<div class=\"elementor-column elementor-col-100 elementor-top-column elementor-element elementor-element-0ce35cf\" data-id=\"0ce35cf\" data-element_type=\"column\" data-e-type=\"column\">\n\t\t\t<div class=\"elementor-widget-wrap elementor-element-populated\">\n\t\t\t\t\t\t<div class=\"elementor-element elementor-element-aae2a08 elementor-widget elementor-widget-text-editor\" data-id=\"aae2a08\" data-element_type=\"widget\" data-e-type=\"widget\" data-widget_type=\"text-editor.default\">\n\t\t\t\t<div class=\"elementor-widget-container\">\n\t\t\t\t\t\t\t\t\t<p>On vous a offert un certificat cadeau Find The Key? Pour en profiter, il vous suffit de saisir le code de votre certificat cadeau qui se trouve sur le certificat qui vous a \u00e9t\u00e9 donn\u00e9 ou dans le courriel de confirmation et l&rsquo;inscrire dans le champ \u00ab\u00a0code promo\u00a0\u00bb dans votre panier.<\/p>\n<p>Le certificat cadeau est valable \u00e0 vie. Il est utilisable pour la session de votre choix, pendant n&rsquo;importe quel de nos jours ouvrables, sous r\u00e9serve des disponibilit\u00e9s.<\/p>\n<p>Lors de l\u2019achat d&rsquo;un certificat cadeau, vous ne paierez pas les taxes. En revanche, celles-ci seront \u00e0 payer lors de son utilisation.<\/p>\n<p>Le certificat cadeau est valide et peut \u00eatre utilis\u00e9 dans n&rsquo;importe lequel de des centres d\u2019\u00e9vasion du Groupe \u00c9chappe-Toi (Find the Key, Vortex Montr\u00e9al et \u00c9chappe-Toi).<\/p>\t\t\t\t\t\t\t\t<\/div>\n\t\t\t\t<\/div>\n\t\t\t\t\t<\/div>\n\t\t<\/div>\n\t\t\t\t\t<\/div>\n\t\t<\/section>\n\t\t\t\t<section class=\"elementor-section elementor-top-section elementor-element elementor-element-6101e64 elementor-section-boxed elementor-section-height-default elementor-section-height-default\" data-id=\"6101e64\" data-element_type=\"section\" data-e-type=\"section\">\n\t\t\t\t\t\t<div class=\"elementor-container elementor-column-gap-default\">\n\t\t\t\t\t<div class=\"elementor-column elementor-col-100 elementor-top-column elementor-element elementor-element-0afce0b\" data-id=\"0afce0b\" data-element_type=\"column\" data-e-type=\"column\">\n\t\t\t<div class=\"elementor-widget-wrap elementor-element-populated\">\n\t\t\t\t\t\t<div class=\"elementor-element elementor-element-6faa99b elementor-widget elementor-widget-html\" data-id=\"6faa99b\" data-element_type=\"widget\" data-e-type=\"widget\" data-widget_type=\"html.default\">\n\t\t\t\t<div class=\"elementor-widget-container\">\n\t\t\t\t\t<div class=\"forescape\" data-subdomain=\"findthekey\" data-type=\"bookings\"><\/div>\n<script>!function(e,t){var r=e.createElement(t),a=e.getElementsByTagName(t)[0],n=new Date,s=\"\"+n.getFullYear()+(\"0\"+(n.getMonth()+1)).slice(-2)+(\"0\"+n.getDate()).slice(-2);r.defer=1,r.src=\"https:\/\/findthekey.4escape.io\/public\/js\/iframe.min.js?v=\"+s,a.parentNode.insertBefore(r,a)}(document,\"script\");<\/script>\t\t\t\t<\/div>\n\t\t\t\t<\/div>\n\t\t\t\t\t<\/div>\n\t\t<\/div>\n\t\t\t\t\t<\/div>\n\t\t<\/section>\n\t\t\t\t<\/div>\n\t\t","protected":false},"excerpt":{"rendered":"<p>Utiliser un Certificat Cadeau: On vous a offert un certificat cadeau Find The Key? Pour en profiter, il vous suffit de saisir le code de votre certificat cadeau qui se trouve sur le certificat qui vous a \u00e9t\u00e9 donn\u00e9 ou dans le courriel de confirmation et l&rsquo;inscrire dans le champ \u00ab\u00a0code promo\u00a0\u00bb dans votre panier. [&hellip;]<\/p>\n","protected":false},"author":1,"featured_media":0,"parent":0,"menu_order":3,"comment_status":"closed","ping_status":"closed","template":"","meta":{"footnotes":""},"class_list":["post-1356","page","type-page","status-publish","hentry"],"yoast_head":"<!-- This site is optimized with the Yoast SEO plugin v27.0 - https:\/\/yoast.com\/product\/yoast-seo-wordpress\/ -->\n<title>UTILISER UN CERTIFICAT CADEAU - Find the Key<\/title>\n<meta name=\"robots\" content=\"index, follow, max-snippet:-1, max-image-preview:large, max-video-preview:-1\" \/>\n<link rel=\"canonical\" href=\"https:\/\/findthekey.ca\/fr\/echanger-un-bon\/\" \/>\n<meta property=\"og:locale\" content=\"fr_FR\" \/>\n<meta property=\"og:type\" content=\"article\" \/>\n<meta property=\"og:title\" content=\"UTILISER UN CERTIFICAT CADEAU - Find the Key\" \/>\n<meta property=\"og:description\" content=\"Utiliser un Certificat Cadeau: On vous a offert un certificat cadeau Find The Key? Pour en profiter, il vous suffit de saisir le code de votre certificat cadeau qui se trouve sur le certificat qui vous a \u00e9t\u00e9 donn\u00e9 ou dans le courriel de confirmation et l&rsquo;inscrire dans le champ \u00ab\u00a0code promo\u00a0\u00bb dans votre panier. [&hellip;]\" \/>\n<meta property=\"og:url\" content=\"https:\/\/findthekey.ca\/fr\/echanger-un-bon\/\" \/>\n<meta property=\"og:site_name\" content=\"Find the Key\" \/>\n<meta property=\"article:modified_time\" content=\"2023-09-21T15:53:58+00:00\" \/>\n<meta name=\"twitter:card\" content=\"summary_large_image\" \/>\n<meta name=\"twitter:label1\" content=\"Dur\u00e9e de lecture estim\u00e9e\" \/>\n\t<meta name=\"twitter:data1\" content=\"1 minute\" \/>\n<script type=\"application\/ld+json\" class=\"yoast-schema-graph\">{\"@context\":\"https:\/\/schema.org\",\"@graph\":[{\"@type\":\"WebPage\",\"@id\":\"https:\/\/findthekey.ca\/fr\/echanger-un-bon\/\",\"url\":\"https:\/\/findthekey.ca\/fr\/echanger-un-bon\/\",\"name\":\"UTILISER UN CERTIFICAT CADEAU - Find the Key\",\"isPartOf\":{\"@id\":\"https:\/\/findthekey.ca\/fr\/#website\"},\"datePublished\":\"2020-02-28T11:22:51+00:00\",\"dateModified\":\"2023-09-21T15:53:58+00:00\",\"breadcrumb\":{\"@id\":\"https:\/\/findthekey.ca\/fr\/echanger-un-bon\/#breadcrumb\"},\"inLanguage\":\"fr-FR\",\"potentialAction\":[{\"@type\":\"ReadAction\",\"target\":[\"https:\/\/findthekey.ca\/fr\/echanger-un-bon\/\"]}]},{\"@type\":\"BreadcrumbList\",\"@id\":\"https:\/\/findthekey.ca\/fr\/echanger-un-bon\/#breadcrumb\",\"itemListElement\":[{\"@type\":\"ListItem\",\"position\":1,\"name\":\"Home\",\"item\":\"https:\/\/findthekey.ca\/fr\/\"},{\"@type\":\"ListItem\",\"position\":2,\"name\":\"UTILISER UN CERTIFICAT CADEAU\"}]},{\"@type\":\"WebSite\",\"@id\":\"https:\/\/findthekey.ca\/fr\/#website\",\"url\":\"https:\/\/findthekey.ca\/fr\/\",\"name\":\"Find the Key\",\"description\":\"\",\"publisher\":{\"@id\":\"https:\/\/findthekey.ca\/fr\/#organization\"},\"potentialAction\":[{\"@type\":\"SearchAction\",\"target\":{\"@type\":\"EntryPoint\",\"urlTemplate\":\"https:\/\/findthekey.ca\/fr\/?s={search_term_string}\"},\"query-input\":{\"@type\":\"PropertyValueSpecification\",\"valueRequired\":true,\"valueName\":\"search_term_string\"}}],\"inLanguage\":\"fr-FR\"},{\"@type\":\"Organization\",\"@id\":\"https:\/\/findthekey.ca\/fr\/#organization\",\"name\":\"Find the Key\",\"url\":\"https:\/\/findthekey.ca\/fr\/\",\"logo\":{\"@type\":\"ImageObject\",\"inLanguage\":\"fr-FR\",\"@id\":\"https:\/\/findthekey.ca\/fr\/#\/schema\/logo\/image\/\",\"url\":\"https:\/\/findthekey.ca\/wp-content\/uploads\/2020\/02\/logo2.png\",\"contentUrl\":\"https:\/\/findthekey.ca\/wp-content\/uploads\/2020\/02\/logo2.png\",\"width\":287,\"height\":150,\"caption\":\"Find the Key\"},\"image\":{\"@id\":\"https:\/\/findthekey.ca\/fr\/#\/schema\/logo\/image\/\"}}]}<\/script>\n<!-- \/ Yoast SEO plugin. -->","yoast_head_json":{"title":"UTILISER UN CERTIFICAT CADEAU - Find the Key","robots":{"index":"index","follow":"follow","max-snippet":"max-snippet:-1","max-image-preview":"max-image-preview:large","max-video-preview":"max-video-preview:-1"},"canonical":"https:\/\/findthekey.ca\/fr\/echanger-un-bon\/","og_locale":"fr_FR","og_type":"article","og_title":"UTILISER UN CERTIFICAT CADEAU - Find the Key","og_description":"Utiliser un Certificat Cadeau: On vous a offert un certificat cadeau Find The Key? Pour en profiter, il vous suffit de saisir le code de votre certificat cadeau qui se trouve sur le certificat qui vous a \u00e9t\u00e9 donn\u00e9 ou dans le courriel de confirmation et l&rsquo;inscrire dans le champ \u00ab\u00a0code promo\u00a0\u00bb dans votre panier. [&hellip;]","og_url":"https:\/\/findthekey.ca\/fr\/echanger-un-bon\/","og_site_name":"Find the Key","article_modified_time":"2023-09-21T15:53:58+00:00","twitter_card":"summary_large_image","twitter_misc":{"Dur\u00e9e de lecture estim\u00e9e":"1 minute"},"schema":{"@context":"https:\/\/schema.org","@graph":[{"@type":"WebPage","@id":"https:\/\/findthekey.ca\/fr\/echanger-un-bon\/","url":"https:\/\/findthekey.ca\/fr\/echanger-un-bon\/","name":"UTILISER UN CERTIFICAT CADEAU - Find the Key","isPartOf":{"@id":"https:\/\/findthekey.ca\/fr\/#website"},"datePublished":"2020-02-28T11:22:51+00:00","dateModified":"2023-09-21T15:53:58+00:00","breadcrumb":{"@id":"https:\/\/findthekey.ca\/fr\/echanger-un-bon\/#breadcrumb"},"inLanguage":"fr-FR","potentialAction":[{"@type":"ReadAction","target":["https:\/\/findthekey.ca\/fr\/echanger-un-bon\/"]}]},{"@type":"BreadcrumbList","@id":"https:\/\/findthekey.ca\/fr\/echanger-un-bon\/#breadcrumb","itemListElement":[{"@type":"ListItem","position":1,"name":"Home","item":"https:\/\/findthekey.ca\/fr\/"},{"@type":"ListItem","position":2,"name":"UTILISER UN CERTIFICAT CADEAU"}]},{"@type":"WebSite","@id":"https:\/\/findthekey.ca\/fr\/#website","url":"https:\/\/findthekey.ca\/fr\/","name":"Find the Key","description":"","publisher":{"@id":"https:\/\/findthekey.ca\/fr\/#organization"},"potentialAction":[{"@type":"SearchAction","target":{"@type":"EntryPoint","urlTemplate":"https:\/\/findthekey.ca\/fr\/?s={search_term_string}"},"query-input":{"@type":"PropertyValueSpecification","valueRequired":true,"valueName":"search_term_string"}}],"inLanguage":"fr-FR"},{"@type":"Organization","@id":"https:\/\/findthekey.ca\/fr\/#organization","name":"Find the Key","url":"https:\/\/findthekey.ca\/fr\/","logo":{"@type":"ImageObject","inLanguage":"fr-FR","@id":"https:\/\/findthekey.ca\/fr\/#\/schema\/logo\/image\/","url":"https:\/\/findthekey.ca\/wp-content\/uploads\/2020\/02\/logo2.png","contentUrl":"https:\/\/findthekey.ca\/wp-content\/uploads\/2020\/02\/logo2.png","width":287,"height":150,"caption":"Find the Key"},"image":{"@id":"https:\/\/findthekey.ca\/fr\/#\/schema\/logo\/image\/"}}]}},"_links":{"self":[{"href":"https:\/\/findthekey.ca\/fr\/wp-json\/wp\/v2\/pages\/1356","targetHints":{"allow":["GET"]}}],"collection":[{"href":"https:\/\/findthekey.ca\/fr\/wp-json\/wp\/v2\/pages"}],"about":[{"href":"https:\/\/findthekey.ca\/fr\/wp-json\/wp\/v2\/types\/page"}],"author":[{"embeddable":true,"href":"https:\/\/findthekey.ca\/fr\/wp-json\/wp\/v2\/users\/1"}],"replies":[{"embeddable":true,"href":"https:\/\/findthekey.ca\/fr\/wp-json\/wp\/v2\/comments?post=1356"}],"version-history":[{"count":0,"href":"https:\/\/findthekey.ca\/fr\/wp-json\/wp\/v2\/pages\/1356\/revisions"}],"wp:attachment":[{"href":"https:\/\/findthekey.ca\/fr\/wp-json\/wp\/v2\/media?parent=1356"}],"curies":[{"name":"wp","href":"https:\/\/api.w.org\/{rel}","templated":true}]}}