{"id":1357,"date":"2020-02-28T06:19:49","date_gmt":"2020-02-28T11:19:49","guid":{"rendered":"https:\/\/findthekey.ca\/buy-voucher\/"},"modified":"2023-09-20T10:52:24","modified_gmt":"2023-09-20T14:52:24","slug":"acheter-un-bon","status":"publish","type":"page","link":"https:\/\/findthekey.ca\/fr\/acheter-un-bon\/","title":{"rendered":"ACHETER UN CERTIFICAT CADEAU"},"content":{"rendered":"\t\t<div data-elementor-type=\"wp-post\" data-elementor-id=\"1357\" class=\"elementor elementor-1357 elementor-1189\" data-elementor-post-type=\"page\">\n\t\t\t\t\t\t<section class=\"elementor-section elementor-top-section elementor-element elementor-element-ba2118d elementor-section-boxed elementor-section-height-default elementor-section-height-default\" data-id=\"ba2118d\" data-element_type=\"section\" data-e-type=\"section\">\n\t\t\t\t\t\t<div class=\"elementor-container elementor-column-gap-default\">\n\t\t\t\t\t<div class=\"elementor-column elementor-col-100 elementor-top-column elementor-element elementor-element-b56ef78\" data-id=\"b56ef78\" data-element_type=\"column\" data-e-type=\"column\">\n\t\t\t<div class=\"elementor-widget-wrap elementor-element-populated\">\n\t\t\t\t\t\t<div class=\"elementor-element elementor-element-41703e9 elementor-widget elementor-widget-heading\" data-id=\"41703e9\" data-element_type=\"widget\" data-e-type=\"widget\" data-widget_type=\"heading.default\">\n\t\t\t\t<div class=\"elementor-widget-container\">\n\t\t\t\t\t<h2 class=\"elementor-heading-title elementor-size-default\">ACHETER UN CERTIFICAT CADEAU :<\/h2>\t\t\t\t<\/div>\n\t\t\t\t<\/div>\n\t\t\t\t\t<\/div>\n\t\t<\/div>\n\t\t\t\t\t<\/div>\n\t\t<\/section>\n\t\t\t\t<section class=\"elementor-section elementor-top-section elementor-element elementor-element-1fbf1a2 elementor-section-boxed elementor-section-height-default elementor-section-height-default\" data-id=\"1fbf1a2\" data-element_type=\"section\" data-e-type=\"section\">\n\t\t\t\t\t\t<div class=\"elementor-container elementor-column-gap-default\">\n\t\t\t\t\t<div class=\"elementor-column elementor-col-100 elementor-top-column elementor-element elementor-element-c81f15b\" data-id=\"c81f15b\" data-element_type=\"column\" data-e-type=\"column\">\n\t\t\t<div class=\"elementor-widget-wrap elementor-element-populated\">\n\t\t\t\t\t\t<div class=\"elementor-element elementor-element-eb13e23 elementor-widget elementor-widget-text-editor\" data-id=\"eb13e23\" data-element_type=\"widget\" data-e-type=\"widget\" data-widget_type=\"text-editor.default\">\n\t\t\t\t<div class=\"elementor-widget-container\">\n\t\t\t\t\t\t\t\t\t<p>Votre immersion chez nous vous a plu? Vous aimeriez partager cette exp\u00e9rience avec un de vos proches?<\/p>\n<p>Rien de plus simple! Chez Find the Key, vous pouvez offrir un Certificat Cadeau \u00e0 la personne de votre choix pour un souvenir inoubliable.<\/p>\n<p>Nos certificats sont valables sans limite de temps et sont aussi valables dans l\u2019ensemble des centres d\u2019\u00e9vasion du Groupe \u00c9chappe-Toi (Find the Key, Vortex Montr\u00e9al et \u00c9chappe-Toi).<\/p>\n<p>Pour commencer, vous devez acheter le certificat-cadeau sur notre site internet (juste en dessous). Une fois la commande pass\u00e9e, vous recevrez un courriel de confirmation dans lequel il y aura un code promo compos\u00e9 de 9 caract\u00e8res alpha-num\u00e9riques s\u00e9par\u00e9s de tirets.<\/p>\n<p>Vous pourrez ainsi t\u00e9l\u00e9charger nos certificat-cadeaux officiels, pour pouvoir offrir la ou les places achet\u00e9es.<\/p>\n<p>Il ne vous resta plus qu\u2019\u00e0 y inscrire le nom, le nombre de places ainsi que le code que vous avez re\u00e7u dans le courriel de confirmation d&rsquo;achat.<\/p>\n<p>Offrez l\u2019immersion ultime de Find the Key \u00e0 vos proches!<\/p>\t\t\t\t\t\t\t\t<\/div>\n\t\t\t\t<\/div>\n\t\t\t\t\t<\/div>\n\t\t<\/div>\n\t\t\t\t\t<\/div>\n\t\t<\/section>\n\t\t\t\t<section class=\"elementor-section elementor-top-section elementor-element elementor-element-5d25faa elementor-section-boxed elementor-section-height-default elementor-section-height-default\" data-id=\"5d25faa\" data-element_type=\"section\" data-e-type=\"section\">\n\t\t\t\t\t\t<div class=\"elementor-container elementor-column-gap-default\">\n\t\t\t\t\t<div class=\"elementor-column elementor-col-33 elementor-top-column elementor-element elementor-element-cae655d\" data-id=\"cae655d\" data-element_type=\"column\" data-e-type=\"column\">\n\t\t\t<div class=\"elementor-widget-wrap elementor-element-populated\">\n\t\t\t\t\t\t<div class=\"elementor-element elementor-element-387489d elementor-view-default elementor-widget elementor-widget-icon\" data-id=\"387489d\" data-element_type=\"widget\" data-e-type=\"widget\" data-widget_type=\"icon.default\">\n\t\t\t\t<div class=\"elementor-widget-container\">\n\t\t\t\t\t\t\t<div class=\"elementor-icon-wrapper\">\n\t\t\t<a class=\"elementor-icon\" href=\"https:\/\/findthekey.wpengine.com\/wp-content\/uploads\/2021\/08\/Certificat_cadeau_-_Adulte_-_Franc\u0327ais.pdf\" target=\"_blank\">\n\t\t\t<i aria-hidden=\"true\" class=\"far fa-file-pdf\"><\/i>\t\t\t<\/a>\n\t\t<\/div>\n\t\t\t\t\t\t<\/div>\n\t\t\t\t<\/div>\n\t\t\t\t<div class=\"elementor-element elementor-element-6deb9cc elementor-widget elementor-widget-heading\" data-id=\"6deb9cc\" data-element_type=\"widget\" data-e-type=\"widget\" data-widget_type=\"heading.default\">\n\t\t\t\t<div class=\"elementor-widget-container\">\n\t\t\t\t\t<h2 class=\"elementor-heading-title elementor-size-small\">Certificat-cadeau adulte<\/h2>\t\t\t\t<\/div>\n\t\t\t\t<\/div>\n\t\t\t\t\t<\/div>\n\t\t<\/div>\n\t\t\t\t<div class=\"elementor-column elementor-col-33 elementor-top-column elementor-element elementor-element-aeee7a7\" data-id=\"aeee7a7\" data-element_type=\"column\" data-e-type=\"column\">\n\t\t\t<div class=\"elementor-widget-wrap elementor-element-populated\">\n\t\t\t\t\t\t<div class=\"elementor-element elementor-element-66ca658 elementor-view-default elementor-widget elementor-widget-icon\" data-id=\"66ca658\" data-element_type=\"widget\" data-e-type=\"widget\" data-widget_type=\"icon.default\">\n\t\t\t\t<div class=\"elementor-widget-container\">\n\t\t\t\t\t\t\t<div class=\"elementor-icon-wrapper\">\n\t\t\t<a class=\"elementor-icon\" href=\"https:\/\/findthekey.wpengine.com\/wp-content\/uploads\/2021\/08\/Certificat_cadeau_-_Etudiant_-_Franc\u0327ais.pdf\" target=\"_blank\">\n\t\t\t<i aria-hidden=\"true\" class=\"far fa-file-pdf\"><\/i>\t\t\t<\/a>\n\t\t<\/div>\n\t\t\t\t\t\t<\/div>\n\t\t\t\t<\/div>\n\t\t\t\t<div class=\"elementor-element elementor-element-1cbddc8 elementor-widget elementor-widget-heading\" data-id=\"1cbddc8\" data-element_type=\"widget\" data-e-type=\"widget\" data-widget_type=\"heading.default\">\n\t\t\t\t<div class=\"elementor-widget-container\">\n\t\t\t\t\t<h2 class=\"elementor-heading-title elementor-size-small\">Certificat-cadeau \u00e9tudiant<\/h2>\t\t\t\t<\/div>\n\t\t\t\t<\/div>\n\t\t\t\t\t<\/div>\n\t\t<\/div>\n\t\t\t\t<div class=\"elementor-column elementor-col-33 elementor-top-column elementor-element elementor-element-24d69e8\" data-id=\"24d69e8\" data-element_type=\"column\" data-e-type=\"column\">\n\t\t\t<div class=\"elementor-widget-wrap elementor-element-populated\">\n\t\t\t\t\t\t<div class=\"elementor-element elementor-element-b9caed9 elementor-view-default elementor-widget elementor-widget-icon\" data-id=\"b9caed9\" data-element_type=\"widget\" data-e-type=\"widget\" data-widget_type=\"icon.default\">\n\t\t\t\t<div class=\"elementor-widget-container\">\n\t\t\t\t\t\t\t<div class=\"elementor-icon-wrapper\">\n\t\t\t<a class=\"elementor-icon\" href=\"https:\/\/findthekey.wpengine.com\/wp-content\/uploads\/2021\/08\/Certificat_cadeau_-_Enfant_-_Franc\u0327ais.pdf\" target=\"_blank\">\n\t\t\t<i aria-hidden=\"true\" class=\"far fa-file-pdf\"><\/i>\t\t\t<\/a>\n\t\t<\/div>\n\t\t\t\t\t\t<\/div>\n\t\t\t\t<\/div>\n\t\t\t\t<div class=\"elementor-element elementor-element-652fa00 elementor-widget elementor-widget-heading\" data-id=\"652fa00\" data-element_type=\"widget\" data-e-type=\"widget\" data-widget_type=\"heading.default\">\n\t\t\t\t<div class=\"elementor-widget-container\">\n\t\t\t\t\t<h2 class=\"elementor-heading-title elementor-size-small\">Certificat-cadeau enfant<\/h2>\t\t\t\t<\/div>\n\t\t\t\t<\/div>\n\t\t\t\t\t<\/div>\n\t\t<\/div>\n\t\t\t\t\t<\/div>\n\t\t<\/section>\n\t\t\t\t<section class=\"elementor-section elementor-top-section elementor-element elementor-element-6101e64 elementor-section-boxed elementor-section-height-default elementor-section-height-default\" data-id=\"6101e64\" data-element_type=\"section\" data-e-type=\"section\">\n\t\t\t\t\t\t<div class=\"elementor-container elementor-column-gap-default\">\n\t\t\t\t\t<div class=\"elementor-column elementor-col-100 elementor-top-column elementor-element elementor-element-0afce0b\" data-id=\"0afce0b\" data-element_type=\"column\" data-e-type=\"column\">\n\t\t\t<div class=\"elementor-widget-wrap elementor-element-populated\">\n\t\t\t\t\t\t<div class=\"elementor-element elementor-element-6faa99b elementor-widget elementor-widget-html\" data-id=\"6faa99b\" data-element_type=\"widget\" data-e-type=\"widget\" data-widget_type=\"html.default\">\n\t\t\t\t<div class=\"elementor-widget-container\">\n\t\t\t\t\t<div class=\"forescape\" data-subdomain=\"findthekey\" data-type=\"shop\" data-products=\"603e5a6e38c639163c5c78b6,60ba937fb721a09dd1ca7627\"><\/div>\n<script>!function(e,t){var r=e.createElement(t),a=e.getElementsByTagName(t)[0],n=new Date,s=\"\"+n.getFullYear()+(\"0\"+(n.getMonth()+1)).slice(-2)+(\"0\"+n.getDate()).slice(-2);r.defer=1,r.src=\"https:\/\/findthekey.4escape.io\/public\/js\/iframe.min.js?v=\"+s,a.parentNode.insertBefore(r,a)}(document,\"script\");<\/script>\t\t\t\t<\/div>\n\t\t\t\t<\/div>\n\t\t\t\t\t<\/div>\n\t\t<\/div>\n\t\t\t\t\t<\/div>\n\t\t<\/section>\n\t\t\t\t<\/div>\n\t\t","protected":false},"excerpt":{"rendered":"<p>ACHETER UN CERTIFICAT CADEAU : Votre immersion chez nous vous a plu? Vous aimeriez partager cette exp\u00e9rience avec un de vos proches? Rien de plus simple! Chez Find the Key, vous pouvez offrir un Certificat Cadeau \u00e0 la personne de votre choix pour un souvenir inoubliable. Nos certificats sont valables sans limite de temps et [&hellip;]<\/p>\n","protected":false},"author":1,"featured_media":0,"parent":0,"menu_order":3,"comment_status":"closed","ping_status":"closed","template":"","meta":{"footnotes":""},"class_list":["post-1357","page","type-page","status-publish","hentry"],"yoast_head":"<!-- This site is optimized with the Yoast SEO plugin v27.0 - https:\/\/yoast.com\/product\/yoast-seo-wordpress\/ -->\n<title>ACHETER UN CERTIFICAT CADEAU - Find the Key<\/title>\n<meta name=\"robots\" content=\"index, follow, max-snippet:-1, max-image-preview:large, max-video-preview:-1\" \/>\n<link rel=\"canonical\" href=\"https:\/\/findthekey.ca\/fr\/acheter-un-bon\/\" \/>\n<meta property=\"og:locale\" content=\"fr_FR\" \/>\n<meta property=\"og:type\" content=\"article\" \/>\n<meta property=\"og:title\" content=\"ACHETER UN CERTIFICAT CADEAU - Find the Key\" \/>\n<meta property=\"og:description\" content=\"ACHETER UN CERTIFICAT CADEAU : Votre immersion chez nous vous a plu? Vous aimeriez partager cette exp\u00e9rience avec un de vos proches? Rien de plus simple! Chez Find the Key, vous pouvez offrir un Certificat Cadeau \u00e0 la personne de votre choix pour un souvenir inoubliable. Nos certificats sont valables sans limite de temps et [&hellip;]\" \/>\n<meta property=\"og:url\" content=\"https:\/\/findthekey.ca\/fr\/acheter-un-bon\/\" \/>\n<meta property=\"og:site_name\" content=\"Find the Key\" \/>\n<meta property=\"article:modified_time\" content=\"2023-09-20T14:52:24+00:00\" \/>\n<meta name=\"twitter:card\" content=\"summary_large_image\" \/>\n<meta name=\"twitter:label1\" content=\"Dur\u00e9e de lecture estim\u00e9e\" \/>\n\t<meta name=\"twitter:data1\" content=\"1 minute\" \/>\n<script type=\"application\/ld+json\" class=\"yoast-schema-graph\">{\"@context\":\"https:\/\/schema.org\",\"@graph\":[{\"@type\":\"WebPage\",\"@id\":\"https:\/\/findthekey.ca\/fr\/acheter-un-bon\/\",\"url\":\"https:\/\/findthekey.ca\/fr\/acheter-un-bon\/\",\"name\":\"ACHETER UN CERTIFICAT CADEAU - Find the Key\",\"isPartOf\":{\"@id\":\"https:\/\/findthekey.ca\/fr\/#website\"},\"datePublished\":\"2020-02-28T11:19:49+00:00\",\"dateModified\":\"2023-09-20T14:52:24+00:00\",\"breadcrumb\":{\"@id\":\"https:\/\/findthekey.ca\/fr\/acheter-un-bon\/#breadcrumb\"},\"inLanguage\":\"fr-FR\",\"potentialAction\":[{\"@type\":\"ReadAction\",\"target\":[\"https:\/\/findthekey.ca\/fr\/acheter-un-bon\/\"]}]},{\"@type\":\"BreadcrumbList\",\"@id\":\"https:\/\/findthekey.ca\/fr\/acheter-un-bon\/#breadcrumb\",\"itemListElement\":[{\"@type\":\"ListItem\",\"position\":1,\"name\":\"Home\",\"item\":\"https:\/\/findthekey.ca\/fr\/\"},{\"@type\":\"ListItem\",\"position\":2,\"name\":\"ACHETER UN CERTIFICAT CADEAU\"}]},{\"@type\":\"WebSite\",\"@id\":\"https:\/\/findthekey.ca\/fr\/#website\",\"url\":\"https:\/\/findthekey.ca\/fr\/\",\"name\":\"Find the Key\",\"description\":\"\",\"publisher\":{\"@id\":\"https:\/\/findthekey.ca\/fr\/#organization\"},\"potentialAction\":[{\"@type\":\"SearchAction\",\"target\":{\"@type\":\"EntryPoint\",\"urlTemplate\":\"https:\/\/findthekey.ca\/fr\/?s={search_term_string}\"},\"query-input\":{\"@type\":\"PropertyValueSpecification\",\"valueRequired\":true,\"valueName\":\"search_term_string\"}}],\"inLanguage\":\"fr-FR\"},{\"@type\":\"Organization\",\"@id\":\"https:\/\/findthekey.ca\/fr\/#organization\",\"name\":\"Find the Key\",\"url\":\"https:\/\/findthekey.ca\/fr\/\",\"logo\":{\"@type\":\"ImageObject\",\"inLanguage\":\"fr-FR\",\"@id\":\"https:\/\/findthekey.ca\/fr\/#\/schema\/logo\/image\/\",\"url\":\"https:\/\/findthekey.ca\/wp-content\/uploads\/2020\/02\/logo2.png\",\"contentUrl\":\"https:\/\/findthekey.ca\/wp-content\/uploads\/2020\/02\/logo2.png\",\"width\":287,\"height\":150,\"caption\":\"Find the Key\"},\"image\":{\"@id\":\"https:\/\/findthekey.ca\/fr\/#\/schema\/logo\/image\/\"}}]}<\/script>\n<!-- \/ Yoast SEO plugin. -->","yoast_head_json":{"title":"ACHETER UN CERTIFICAT CADEAU - Find the Key","robots":{"index":"index","follow":"follow","max-snippet":"max-snippet:-1","max-image-preview":"max-image-preview:large","max-video-preview":"max-video-preview:-1"},"canonical":"https:\/\/findthekey.ca\/fr\/acheter-un-bon\/","og_locale":"fr_FR","og_type":"article","og_title":"ACHETER UN CERTIFICAT CADEAU - Find the Key","og_description":"ACHETER UN CERTIFICAT CADEAU : Votre immersion chez nous vous a plu? Vous aimeriez partager cette exp\u00e9rience avec un de vos proches? Rien de plus simple! Chez Find the Key, vous pouvez offrir un Certificat Cadeau \u00e0 la personne de votre choix pour un souvenir inoubliable. Nos certificats sont valables sans limite de temps et [&hellip;]","og_url":"https:\/\/findthekey.ca\/fr\/acheter-un-bon\/","og_site_name":"Find the Key","article_modified_time":"2023-09-20T14:52:24+00:00","twitter_card":"summary_large_image","twitter_misc":{"Dur\u00e9e de lecture estim\u00e9e":"1 minute"},"schema":{"@context":"https:\/\/schema.org","@graph":[{"@type":"WebPage","@id":"https:\/\/findthekey.ca\/fr\/acheter-un-bon\/","url":"https:\/\/findthekey.ca\/fr\/acheter-un-bon\/","name":"ACHETER UN CERTIFICAT CADEAU - Find the Key","isPartOf":{"@id":"https:\/\/findthekey.ca\/fr\/#website"},"datePublished":"2020-02-28T11:19:49+00:00","dateModified":"2023-09-20T14:52:24+00:00","breadcrumb":{"@id":"https:\/\/findthekey.ca\/fr\/acheter-un-bon\/#breadcrumb"},"inLanguage":"fr-FR","potentialAction":[{"@type":"ReadAction","target":["https:\/\/findthekey.ca\/fr\/acheter-un-bon\/"]}]},{"@type":"BreadcrumbList","@id":"https:\/\/findthekey.ca\/fr\/acheter-un-bon\/#breadcrumb","itemListElement":[{"@type":"ListItem","position":1,"name":"Home","item":"https:\/\/findthekey.ca\/fr\/"},{"@type":"ListItem","position":2,"name":"ACHETER UN CERTIFICAT CADEAU"}]},{"@type":"WebSite","@id":"https:\/\/findthekey.ca\/fr\/#website","url":"https:\/\/findthekey.ca\/fr\/","name":"Find the Key","description":"","publisher":{"@id":"https:\/\/findthekey.ca\/fr\/#organization"},"potentialAction":[{"@type":"SearchAction","target":{"@type":"EntryPoint","urlTemplate":"https:\/\/findthekey.ca\/fr\/?s={search_term_string}"},"query-input":{"@type":"PropertyValueSpecification","valueRequired":true,"valueName":"search_term_string"}}],"inLanguage":"fr-FR"},{"@type":"Organization","@id":"https:\/\/findthekey.ca\/fr\/#organization","name":"Find the Key","url":"https:\/\/findthekey.ca\/fr\/","logo":{"@type":"ImageObject","inLanguage":"fr-FR","@id":"https:\/\/findthekey.ca\/fr\/#\/schema\/logo\/image\/","url":"https:\/\/findthekey.ca\/wp-content\/uploads\/2020\/02\/logo2.png","contentUrl":"https:\/\/findthekey.ca\/wp-content\/uploads\/2020\/02\/logo2.png","width":287,"height":150,"caption":"Find the Key"},"image":{"@id":"https:\/\/findthekey.ca\/fr\/#\/schema\/logo\/image\/"}}]}},"_links":{"self":[{"href":"https:\/\/findthekey.ca\/fr\/wp-json\/wp\/v2\/pages\/1357","targetHints":{"allow":["GET"]}}],"collection":[{"href":"https:\/\/findthekey.ca\/fr\/wp-json\/wp\/v2\/pages"}],"about":[{"href":"https:\/\/findthekey.ca\/fr\/wp-json\/wp\/v2\/types\/page"}],"author":[{"embeddable":true,"href":"https:\/\/findthekey.ca\/fr\/wp-json\/wp\/v2\/users\/1"}],"replies":[{"embeddable":true,"href":"https:\/\/findthekey.ca\/fr\/wp-json\/wp\/v2\/comments?post=1357"}],"version-history":[{"count":0,"href":"https:\/\/findthekey.ca\/fr\/wp-json\/wp\/v2\/pages\/1357\/revisions"}],"wp:attachment":[{"href":"https:\/\/findthekey.ca\/fr\/wp-json\/wp\/v2\/media?parent=1357"}],"curies":[{"name":"wp","href":"https:\/\/api.w.org\/{rel}","templated":true}]}}