{"id":1364,"date":"2020-01-20T17:40:09","date_gmt":"2020-01-20T22:40:09","guid":{"rendered":"https:\/\/findthekey.ca\/contact\/"},"modified":"2024-03-26T11:00:55","modified_gmt":"2024-03-26T15:00:55","slug":"contactez-nous","status":"publish","type":"page","link":"https:\/\/findthekey.ca\/fr\/contactez-nous\/","title":{"rendered":"CONTACTEZ-NOUS"},"content":{"rendered":"\t\t<div data-elementor-type=\"wp-post\" data-elementor-id=\"1364\" class=\"elementor elementor-1364 elementor-240\" data-elementor-post-type=\"page\">\n\t\t\t\t\t\t<section class=\"elementor-section elementor-top-section elementor-element elementor-element-e6e6ec0 elementor-section-boxed elementor-section-height-default elementor-section-height-default\" data-id=\"e6e6ec0\" data-element_type=\"section\" data-e-type=\"section\">\n\t\t\t\t\t\t<div class=\"elementor-container elementor-column-gap-default\">\n\t\t\t\t\t<div class=\"elementor-column elementor-col-100 elementor-top-column elementor-element elementor-element-03534e8\" data-id=\"03534e8\" data-element_type=\"column\" data-e-type=\"column\">\n\t\t\t<div class=\"elementor-widget-wrap elementor-element-populated\">\n\t\t\t\t\t\t<div class=\"elementor-element elementor-element-9483849 elementor-widget elementor-widget-spacer\" data-id=\"9483849\" data-element_type=\"widget\" data-e-type=\"widget\" data-widget_type=\"spacer.default\">\n\t\t\t\t<div class=\"elementor-widget-container\">\n\t\t\t\t\t\t\t<div class=\"elementor-spacer\">\n\t\t\t<div class=\"elementor-spacer-inner\"><\/div>\n\t\t<\/div>\n\t\t\t\t\t\t<\/div>\n\t\t\t\t<\/div>\n\t\t\t\t\t<\/div>\n\t\t<\/div>\n\t\t\t\t\t<\/div>\n\t\t<\/section>\n\t\t\t\t<section class=\"elementor-section elementor-top-section elementor-element elementor-element-d99789b elementor-section-boxed elementor-section-height-default elementor-section-height-default\" data-id=\"d99789b\" data-element_type=\"section\" data-e-type=\"section\">\n\t\t\t\t\t\t<div class=\"elementor-container elementor-column-gap-default\">\n\t\t\t\t\t<div class=\"elementor-column elementor-col-33 elementor-top-column elementor-element elementor-element-6ad8b76\" data-id=\"6ad8b76\" data-element_type=\"column\" data-e-type=\"column\">\n\t\t\t<div class=\"elementor-widget-wrap elementor-element-populated\">\n\t\t\t\t\t\t<div class=\"elementor-element elementor-element-fed9519 elementor-widget elementor-widget-heading\" data-id=\"fed9519\" data-element_type=\"widget\" data-e-type=\"widget\" data-widget_type=\"heading.default\">\n\t\t\t\t<div class=\"elementor-widget-container\">\n\t\t\t\t\t<h2 class=\"elementor-heading-title elementor-size-default\">CONTACTEZ-NOUS<\/h2>\t\t\t\t<\/div>\n\t\t\t\t<\/div>\n\t\t\t\t<div class=\"elementor-element elementor-element-c679806 elementor-widget elementor-widget-text-editor\" data-id=\"c679806\" data-element_type=\"widget\" data-e-type=\"widget\" data-widget_type=\"text-editor.default\">\n\t\t\t\t<div class=\"elementor-widget-container\">\n\t\t\t\t\t\t\t\t\t<p>Avez-vous une question? Ou avez-vous besoin d\u2019aide pour r\u00e9server ou choisir le bon sc\u00e9nario pour vous? Ne vous inqui\u00e9tez pas, nous sommes l\u00e0 pour vous aider.<\/p>\n\t\t\t\t\t\t\t\t<\/div>\n\t\t\t\t<\/div>\n\t\t\t\t<div class=\"elementor-element elementor-element-de6b9c6 elementor-icon-list--layout-traditional elementor-list-item-link-full_width elementor-widget elementor-widget-icon-list\" data-id=\"de6b9c6\" data-element_type=\"widget\" data-e-type=\"widget\" data-widget_type=\"icon-list.default\">\n\t\t\t\t<div class=\"elementor-widget-container\">\n\t\t\t\t\t\t\t<ul class=\"elementor-icon-list-items\">\n\t\t\t\t\t\t\t<li class=\"elementor-icon-list-item\">\n\t\t\t\t\t\t\t\t\t\t\t<a href=\"https:\/\/www.google.com\/maps\/place\/1000+Rue+Atateken+%23101,+Montr%C3%A9al,+QC+H2L+3K5\/@45.5155923,-73.555386,17z\/data=!3m1!4b1!4m5!3m4!1s0x4cc91bacf454bb0d:0x44996933bc237f06!8m2!3d45.5155886!4d-73.5531973\">\n\n\t\t\t\t\t\t\t\t\t\t\t\t<span class=\"elementor-icon-list-icon\">\n\t\t\t\t\t\t\t<i aria-hidden=\"true\" class=\"fas fa-map-marker-alt\"><\/i>\t\t\t\t\t\t<\/span>\n\t\t\t\t\t\t\t\t\t\t<span class=\"elementor-icon-list-text\"><span style=\"color:#da3535;font-weight:bold\">LE VILLAGE<\/span><br \/>1000 Rue Atateken, Suite 101 <br \/>Montreal, QC, H2L 3K5<\/span>\n\t\t\t\t\t\t\t\t\t\t\t<\/a>\n\t\t\t\t\t\t\t\t\t<\/li>\n\t\t\t\t\t\t\t\t<li class=\"elementor-icon-list-item\">\n\t\t\t\t\t\t\t\t\t\t\t<span class=\"elementor-icon-list-icon\">\n\t\t\t\t\t\t\t<i aria-hidden=\"true\" class=\"fas fa-phone-alt\"><\/i>\t\t\t\t\t\t<\/span>\n\t\t\t\t\t\t\t\t\t\t<span class=\"elementor-icon-list-text\"><a href=\"tel:4388709410\">+1 (514) 907-1919<\/a><\/span>\n\t\t\t\t\t\t\t\t\t<\/li>\n\t\t\t\t\t\t\t\t<li class=\"elementor-icon-list-item\">\n\t\t\t\t\t\t\t\t\t\t\t<span class=\"elementor-icon-list-icon\">\n\t\t\t\t\t\t\t<i aria-hidden=\"true\" class=\"fas fa-envelope\"><\/i>\t\t\t\t\t\t<\/span>\n\t\t\t\t\t\t\t\t\t\t<span class=\"elementor-icon-list-text\"><a href=\"mailto:ftk@findthekey.ca\">ftk@findthekey.ca<\/a><\/span>\n\t\t\t\t\t\t\t\t\t<\/li>\n\t\t\t\t\t\t<\/ul>\n\t\t\t\t\t\t<\/div>\n\t\t\t\t<\/div>\n\t\t\t\t\t<\/div>\n\t\t<\/div>\n\t\t\t\t<div class=\"elementor-column elementor-col-66 elementor-top-column elementor-element elementor-element-6962f86\" data-id=\"6962f86\" data-element_type=\"column\" data-e-type=\"column\">\n\t\t\t<div class=\"elementor-widget-wrap elementor-element-populated\">\n\t\t\t\t\t\t<div class=\"elementor-element elementor-element-2d468ff elementor-widget elementor-widget-shortcode\" data-id=\"2d468ff\" data-element_type=\"widget\" data-e-type=\"widget\" data-widget_type=\"shortcode.default\">\n\t\t\t\t<div class=\"elementor-widget-container\">\n\t\t\t\t\t\t\t<div class=\"elementor-shortcode\"><!-- Start of LiveAgent integration script: Contact form: Formulaire contact g\u00e9n\u00e9ral Find the Key -->\n<script type=\"text\/javascript\">\n(function(d, src, c) { var t=d.scripts[d.scripts.length - 1],s=d.createElement('script');s.id='la_x2s6df8d';s.defer=true;s.src=src;s.onload=s.onreadystatechange=function(){var rs=this.readyState;if(rs&&(rs!='complete')&&(rs!='loaded')){return;}c(this);};t.parentElement.insertBefore(s,t.nextSibling);})(document,\n'https:\/\/echappetoi.ladesk.com\/scripts\/track.js',\nfunction(e){ LiveAgent.createForm('382wbv6l', e); });\n<\/script>\n<!-- End of LiveAgent integration script --><\/div>\n\t\t\t\t\t\t<\/div>\n\t\t\t\t<\/div>\n\t\t\t\t<div class=\"elementor-element elementor-element-40646dc elementor-widget elementor-widget-spacer\" data-id=\"40646dc\" data-element_type=\"widget\" data-e-type=\"widget\" data-widget_type=\"spacer.default\">\n\t\t\t\t<div class=\"elementor-widget-container\">\n\t\t\t\t\t\t\t<div class=\"elementor-spacer\">\n\t\t\t<div class=\"elementor-spacer-inner\"><\/div>\n\t\t<\/div>\n\t\t\t\t\t\t<\/div>\n\t\t\t\t<\/div>\n\t\t\t\t\t<\/div>\n\t\t<\/div>\n\t\t\t\t\t<\/div>\n\t\t<\/section>\n\t\t\t\t<section class=\"elementor-section elementor-top-section elementor-element elementor-element-a0cba5b elementor-section-full_width elementor-section-height-default elementor-section-height-default\" data-id=\"a0cba5b\" data-element_type=\"section\" data-e-type=\"section\">\n\t\t\t\t\t\t<div class=\"elementor-container elementor-column-gap-no\">\n\t\t\t\t\t<div class=\"elementor-column elementor-col-100 elementor-top-column elementor-element elementor-element-780ebc8\" data-id=\"780ebc8\" data-element_type=\"column\" data-e-type=\"column\">\n\t\t\t<div class=\"elementor-widget-wrap\">\n\t\t\t\t\t\t\t<\/div>\n\t\t<\/div>\n\t\t\t\t\t<\/div>\n\t\t<\/section>\n\t\t\t\t<\/div>\n\t\t","protected":false},"excerpt":{"rendered":"<p>CONTACTEZ-NOUS Avez-vous une question? Ou avez-vous besoin d\u2019aide pour r\u00e9server ou choisir le bon sc\u00e9nario pour vous? Ne vous inqui\u00e9tez pas, nous sommes l\u00e0 pour vous aider. LE VILLAGE1000 Rue Atateken, Suite 101 Montreal, QC, H2L 3K5 +1 (514) 907-1919 ftk@findthekey.ca<\/p>\n","protected":false},"author":1,"featured_media":0,"parent":0,"menu_order":6,"comment_status":"closed","ping_status":"closed","template":"elementor_header_footer","meta":{"footnotes":""},"class_list":["post-1364","page","type-page","status-publish","hentry"],"yoast_head":"<!-- This site is optimized with the Yoast SEO plugin v27.0 - https:\/\/yoast.com\/product\/yoast-seo-wordpress\/ -->\n<title>CONTACTEZ-NOUS - Find the Key<\/title>\n<meta name=\"robots\" content=\"index, follow, max-snippet:-1, max-image-preview:large, max-video-preview:-1\" \/>\n<link rel=\"canonical\" href=\"https:\/\/findthekey.ca\/fr\/contactez-nous\/\" \/>\n<meta property=\"og:locale\" content=\"fr_FR\" \/>\n<meta property=\"og:type\" content=\"article\" \/>\n<meta property=\"og:title\" content=\"CONTACTEZ-NOUS - Find the Key\" \/>\n<meta property=\"og:description\" content=\"CONTACTEZ-NOUS Avez-vous une question? Ou avez-vous besoin d\u2019aide pour r\u00e9server ou choisir le bon sc\u00e9nario pour vous? Ne vous inqui\u00e9tez pas, nous sommes l\u00e0 pour vous aider. LE VILLAGE1000 Rue Atateken, Suite 101 Montreal, QC, H2L 3K5 +1 (514) 907-1919 ftk@findthekey.ca\" \/>\n<meta property=\"og:url\" content=\"https:\/\/findthekey.ca\/fr\/contactez-nous\/\" \/>\n<meta property=\"og:site_name\" content=\"Find the Key\" \/>\n<meta property=\"article:modified_time\" content=\"2024-03-26T15:00:55+00:00\" \/>\n<meta name=\"twitter:card\" content=\"summary_large_image\" \/>\n<meta name=\"twitter:label1\" content=\"Dur\u00e9e de lecture estim\u00e9e\" \/>\n\t<meta name=\"twitter:data1\" content=\"1 minute\" \/>\n<script type=\"application\/ld+json\" class=\"yoast-schema-graph\">{\"@context\":\"https:\/\/schema.org\",\"@graph\":[{\"@type\":\"WebPage\",\"@id\":\"https:\/\/findthekey.ca\/fr\/contactez-nous\/\",\"url\":\"https:\/\/findthekey.ca\/fr\/contactez-nous\/\",\"name\":\"CONTACTEZ-NOUS - Find the Key\",\"isPartOf\":{\"@id\":\"https:\/\/findthekey.ca\/fr\/#website\"},\"datePublished\":\"2020-01-20T22:40:09+00:00\",\"dateModified\":\"2024-03-26T15:00:55+00:00\",\"breadcrumb\":{\"@id\":\"https:\/\/findthekey.ca\/fr\/contactez-nous\/#breadcrumb\"},\"inLanguage\":\"fr-FR\",\"potentialAction\":[{\"@type\":\"ReadAction\",\"target\":[\"https:\/\/findthekey.ca\/fr\/contactez-nous\/\"]}]},{\"@type\":\"BreadcrumbList\",\"@id\":\"https:\/\/findthekey.ca\/fr\/contactez-nous\/#breadcrumb\",\"itemListElement\":[{\"@type\":\"ListItem\",\"position\":1,\"name\":\"Home\",\"item\":\"https:\/\/findthekey.ca\/fr\/\"},{\"@type\":\"ListItem\",\"position\":2,\"name\":\"CONTACTEZ-NOUS\"}]},{\"@type\":\"WebSite\",\"@id\":\"https:\/\/findthekey.ca\/fr\/#website\",\"url\":\"https:\/\/findthekey.ca\/fr\/\",\"name\":\"Find the Key\",\"description\":\"\",\"publisher\":{\"@id\":\"https:\/\/findthekey.ca\/fr\/#organization\"},\"potentialAction\":[{\"@type\":\"SearchAction\",\"target\":{\"@type\":\"EntryPoint\",\"urlTemplate\":\"https:\/\/findthekey.ca\/fr\/?s={search_term_string}\"},\"query-input\":{\"@type\":\"PropertyValueSpecification\",\"valueRequired\":true,\"valueName\":\"search_term_string\"}}],\"inLanguage\":\"fr-FR\"},{\"@type\":\"Organization\",\"@id\":\"https:\/\/findthekey.ca\/fr\/#organization\",\"name\":\"Find the Key\",\"url\":\"https:\/\/findthekey.ca\/fr\/\",\"logo\":{\"@type\":\"ImageObject\",\"inLanguage\":\"fr-FR\",\"@id\":\"https:\/\/findthekey.ca\/fr\/#\/schema\/logo\/image\/\",\"url\":\"https:\/\/findthekey.ca\/wp-content\/uploads\/2020\/02\/logo2.png\",\"contentUrl\":\"https:\/\/findthekey.ca\/wp-content\/uploads\/2020\/02\/logo2.png\",\"width\":287,\"height\":150,\"caption\":\"Find the Key\"},\"image\":{\"@id\":\"https:\/\/findthekey.ca\/fr\/#\/schema\/logo\/image\/\"}}]}<\/script>\n<!-- \/ Yoast SEO plugin. -->","yoast_head_json":{"title":"CONTACTEZ-NOUS - Find the Key","robots":{"index":"index","follow":"follow","max-snippet":"max-snippet:-1","max-image-preview":"max-image-preview:large","max-video-preview":"max-video-preview:-1"},"canonical":"https:\/\/findthekey.ca\/fr\/contactez-nous\/","og_locale":"fr_FR","og_type":"article","og_title":"CONTACTEZ-NOUS - Find the Key","og_description":"CONTACTEZ-NOUS Avez-vous une question? Ou avez-vous besoin d\u2019aide pour r\u00e9server ou choisir le bon sc\u00e9nario pour vous? Ne vous inqui\u00e9tez pas, nous sommes l\u00e0 pour vous aider. LE VILLAGE1000 Rue Atateken, Suite 101 Montreal, QC, H2L 3K5 +1 (514) 907-1919 ftk@findthekey.ca","og_url":"https:\/\/findthekey.ca\/fr\/contactez-nous\/","og_site_name":"Find the Key","article_modified_time":"2024-03-26T15:00:55+00:00","twitter_card":"summary_large_image","twitter_misc":{"Dur\u00e9e de lecture estim\u00e9e":"1 minute"},"schema":{"@context":"https:\/\/schema.org","@graph":[{"@type":"WebPage","@id":"https:\/\/findthekey.ca\/fr\/contactez-nous\/","url":"https:\/\/findthekey.ca\/fr\/contactez-nous\/","name":"CONTACTEZ-NOUS - Find the Key","isPartOf":{"@id":"https:\/\/findthekey.ca\/fr\/#website"},"datePublished":"2020-01-20T22:40:09+00:00","dateModified":"2024-03-26T15:00:55+00:00","breadcrumb":{"@id":"https:\/\/findthekey.ca\/fr\/contactez-nous\/#breadcrumb"},"inLanguage":"fr-FR","potentialAction":[{"@type":"ReadAction","target":["https:\/\/findthekey.ca\/fr\/contactez-nous\/"]}]},{"@type":"BreadcrumbList","@id":"https:\/\/findthekey.ca\/fr\/contactez-nous\/#breadcrumb","itemListElement":[{"@type":"ListItem","position":1,"name":"Home","item":"https:\/\/findthekey.ca\/fr\/"},{"@type":"ListItem","position":2,"name":"CONTACTEZ-NOUS"}]},{"@type":"WebSite","@id":"https:\/\/findthekey.ca\/fr\/#website","url":"https:\/\/findthekey.ca\/fr\/","name":"Find the Key","description":"","publisher":{"@id":"https:\/\/findthekey.ca\/fr\/#organization"},"potentialAction":[{"@type":"SearchAction","target":{"@type":"EntryPoint","urlTemplate":"https:\/\/findthekey.ca\/fr\/?s={search_term_string}"},"query-input":{"@type":"PropertyValueSpecification","valueRequired":true,"valueName":"search_term_string"}}],"inLanguage":"fr-FR"},{"@type":"Organization","@id":"https:\/\/findthekey.ca\/fr\/#organization","name":"Find the Key","url":"https:\/\/findthekey.ca\/fr\/","logo":{"@type":"ImageObject","inLanguage":"fr-FR","@id":"https:\/\/findthekey.ca\/fr\/#\/schema\/logo\/image\/","url":"https:\/\/findthekey.ca\/wp-content\/uploads\/2020\/02\/logo2.png","contentUrl":"https:\/\/findthekey.ca\/wp-content\/uploads\/2020\/02\/logo2.png","width":287,"height":150,"caption":"Find the Key"},"image":{"@id":"https:\/\/findthekey.ca\/fr\/#\/schema\/logo\/image\/"}}]}},"_links":{"self":[{"href":"https:\/\/findthekey.ca\/fr\/wp-json\/wp\/v2\/pages\/1364","targetHints":{"allow":["GET"]}}],"collection":[{"href":"https:\/\/findthekey.ca\/fr\/wp-json\/wp\/v2\/pages"}],"about":[{"href":"https:\/\/findthekey.ca\/fr\/wp-json\/wp\/v2\/types\/page"}],"author":[{"embeddable":true,"href":"https:\/\/findthekey.ca\/fr\/wp-json\/wp\/v2\/users\/1"}],"replies":[{"embeddable":true,"href":"https:\/\/findthekey.ca\/fr\/wp-json\/wp\/v2\/comments?post=1364"}],"version-history":[{"count":0,"href":"https:\/\/findthekey.ca\/fr\/wp-json\/wp\/v2\/pages\/1364\/revisions"}],"wp:attachment":[{"href":"https:\/\/findthekey.ca\/fr\/wp-json\/wp\/v2\/media?parent=1364"}],"curies":[{"name":"wp","href":"https:\/\/api.w.org\/{rel}","templated":true}]}}