{"id":1370,"date":"2020-01-20T08:32:54","date_gmt":"2020-01-20T13:32:54","guid":{"rendered":"https:\/\/findthekey.ca\/?page_id=1370"},"modified":"2024-06-19T09:02:50","modified_gmt":"2024-06-19T13:02:50","slug":"cgv","status":"publish","type":"page","link":"https:\/\/findthekey.ca\/fr\/cgv\/","title":{"rendered":"CGV"},"content":{"rendered":"\n<h2 class=\"wp-block-heading\"><\/h2>\n\n\n\n<h1 class=\"wp-block-heading\">TERMES &amp; CONDITIONS <\/h1>\n\n\n\n<p><em>Cette entente s\u2019applique \u00e0 toute activit\u00e9 relative \u00e0 Find the key. En utilisant cette page web, en effectuant une r\u00e9servation ou en utilisant les locaux de <em>Find the key<\/em>, vous attestez que vous avez examin\u00e9 et que vous comprenez les conditions pr\u00e9vues par la pr\u00e9sente, et que vous acceptez, sans restriction ni condition, d\u2019\u00eatre li\u00e9 par celle-ci.<\/em><\/p>\n\n\n\n<p><strong><em>CONDITION D&rsquo;ENTR\u00c9E:<\/em><\/strong> &nbsp;Vous devez lire et accepter les Termes et Conditions de <em>Find the key<\/em> avant d\u2019utiliser nos services, et cela, avant d\u2019avoir pay\u00e9 les frais li\u00e9s \u00e0 la r\u00e9servation.<\/p>\n\n\n\n<p><strong><em>SERVICES DE JEUX:<\/em><\/strong> Vous comprenez que notre service de jeux d\u2019amusement comprend des d\u00e9fis intellectuels pour votre divertissement. Ce service n\u2019est pas destin\u00e9 \u00e0 tester vos habilet\u00e9s physiques de quelque mani\u00e8re que ce soit. Vous comprenez que vous pouvez interagir avec votre environnement mais que le jeu ne n\u00e9cessite pas d\u2019avoir recours \u00e0 la force physique. Par cons\u00e9quent, le jeu interdit l\u2019usage de force physique et d\u2019actions telles que courir, sauter, grimper ou frapper, ou n\u2019importe quelles autres activit\u00e9s physiques qui pourraient endommager le mat\u00e9riel ou blesser quelqu\u2019un.<\/p>\n\n\n\n<p><strong><em>RESPONSABILIT\u00c9:<\/em><\/strong> Vous acceptez de ne pas forcer, ni d&rsquo;utiliser une force excessive, sur votre environnement. Vous prenez la responsabilit\u00e9 des co\u00fbts que peuvent engendrer tous dommages que vous pourriez causer au sein de l\u2019\u00e9tablissement ou \u00e0 la propri\u00e9t\u00e9 d\u2019une autre personne en tant que participant (cela inclut de fa\u00e7on non limitative les dommages mat\u00e9riels, les d\u00e9placements d\u2019objets ou la modification de mot de passe sur des outils informatiques). <em>Find the key<\/em> n\u2019est pas responsable de la perte ou de dommages de vos affaires mis en s\u00e9curit\u00e9 dans les casiers ferm\u00e9s \u00e0 cl\u00e9s.<\/p>\n\n\n\n<p><strong><em>CONFIDENTIALIT\u00c9:<\/em><\/strong> Il est interdit de diffuser des vid\u00e9os, photos ou toutes autres informations techniques ou consid\u00e9r\u00e9es, par <em>Find the key<\/em>, comme \u00e9tant confidentielles, sans autorisation \u00e9crite de la part de <em>Find the key<\/em>. Cela inclut, de fa\u00e7on non-exclusive, les \u00e9l\u00e9ments utilis\u00e9s et divulgu\u00e9s directement ou indirectement, par \u00e9crit, oralement ou visuellement.<\/p>\n\n\n\n<p><strong><em>COPYRIGHT:<\/em><\/strong> Vous ne pouvez pas copier, reproduire, modifier, adapter, traduire, cr\u00e9er un travail d\u00e9riv\u00e9 de celui-ci, publier, transf\u00e9rer, distribuer ou vendre des informations que <em>Find the key<\/em> consid\u00e8re confidentielles (en partie ou enti\u00e8rement) sans le consentement \u00e9crit de <em>Find the key<\/em>.<\/p>\n\n\n\n<p><strong><em>REFUS D\u2019ENTR\u00c9E:<\/em><\/strong> <em>Find the key<\/em> se garde le droit de vous refuser l\u2019entr\u00e9e s\u2019il est pr\u00e9sum\u00e9 que vous pourriez \u00eatre un danger pour vous, pour l\u2019\u00e9quipe de <em>Find the key<\/em> ou pour les autres clients. <em>Find the key<\/em> se garde \u00e9galement le droit de refuser l&rsquo;entr\u00e9e aux enfants \u00e2g\u00e9s de moins de 14 ans.<\/p>\n\n\n\n<p><strong><em>TRAITEMENT M\u00c9DICAL:<\/em><\/strong> Vous autorisez <em>Find the key<\/em> \u00e0 prendre les initiatives raisonnables en cas de blessures personnelles et vous acceptez de couvrir les frais des traitements m\u00e9dicaux d\u2019urgence et transport en ambulance.<\/p>\n\n\n\n<p><strong><em>REMBOURSEMENT OU RETARD:<\/em><\/strong><br>Nous demandons aux joueurs d\u2019arriver 15 minutes avant l\u2019heure de r\u00e9servation. L\u2019activit\u00e9 doit commencer \u00e0 l\u2019heure \u00e9crite sur votre r\u00e9servation. Apr\u00e8s 5 minutes de retard par rapport \u00e0 l\u2019heure de r\u00e9servation, les 60 minutes de jeux commenceront et les joueurs auront le restant du temps \u00e0 leur arriv\u00e9e pour jouer. Dans le cas d\u2019un retard de plus de 30 minutes, aucun joueur ne sera accept\u00e9 pour jouer et aucun remboursement ne sera effectu\u00e9.<\/p>\n\n\n\n<p><strong><em>ANNULATION\/MODIFICATION<\/em><\/strong>:<\/p>\n\n\n\n<p>Si vous ne pouvez pas vous pr\u00e9senter \u00e0 votre rendez-vous \u00e0 l\u2019heure r\u00e9serv\u00e9e, pour quelque raison que ce soit, vous devez nous en aviser dans un d\u00e9lai d\u2019au moins 48 heures par t\u00e9l\u00e9phone au 514-907-1919 ou par courriel ftk@findthekey.ca, afin que nous puissions vous proposer un nouveau cr\u00e9neau horaire.<\/p>\n\n\n\n<ul class=\"wp-block-list\">\n<li>Attention, aucun remboursement n&rsquo;est effectu\u00e9 en cas d&rsquo;annulation.<\/li>\n\n\n\n<li>Si vous nous en avisez dans un d\u00e9lai de plus 48 heures et plus, nous \u00e9mettons des certificats cadeaux d&rsquo;une valeur \u00e9quivalente \u00e0 celle de votre r\u00e9servation afin de vous permettre de jouer \u00e0 une autre date. Aucun remboursement n&rsquo;est effectu\u00e9.<\/li>\n\n\n\n<li>Si une ou plusieurs personnes ne se pr\u00e9sentent pas pour votre r\u00e9servation, le principe est le m\u00eame que pour la non pr\u00e9sentation.<\/li>\n<\/ul>\n\n\n\n<p><em><strong>ANNULATION EN CAS D&rsquo;\u00c9V\u00c9NEMENT INDEPENDANT DE NOTRE VOLONT\u00c9:&nbsp;<\/strong><\/em><br>En cas de nouvelle pand\u00e9mie, gr\u00e8ve, ou autre \u00e9v\u00e9nement qui ne r\u00e9sulte pas de <em>Find the key<\/em> mais d&rsquo;un \u00e9v\u00e9nement ext\u00e9rieur ind\u00e9pendant de notre volont\u00e9, les r\u00e9servations seront annul\u00e9es et rembours\u00e9es uniquement en certificats-cadeaux de la valeur de la r\u00e9servation initiale. Aucun remboursement en argent ne sera fait.<\/p>\n\n\n\n<p><strong><em>R\u00c9SERVATION POUR UNE TIERCE PARTIE:<\/em><\/strong> Quand vous proc\u00e9dez \u00e0 une r\u00e9servation pour une autre personne, vous acceptez que vous faites la r\u00e9servation et donc que la personne est tenue par les m\u00eames termes et conditions que vous.<\/p>\n\n\n\n<p><strong><em>EN DESSOUS DE 15 ANS:<\/em><\/strong> Tout jeune de moins de 15 ans doit obligatoirement \u00eatre accompagn\u00e9 par un responsable l\u00e9gal\/majeur ayant pay\u00e9 sa r\u00e9servation, en tout temps dans les installations de <em>Find the key<\/em>. Le responsable l\u00e9gal de l\u2019enfant est tenu par les termes et conditions pour l\u2019enfant.<\/p>\n\n\n\n<p><em><strong>EN CAS DE NON-PR\u00c9SENTATION \u00c0 UNE ACTIVIT\u00c9 <em>Find the key<\/em>:<\/strong><\/em>&nbsp;En cas de non pr\u00e9sentation d&rsquo;un joueur ou d&rsquo;une \u00e9quipe, aucun remboursement ne sera effectu\u00e9.&nbsp;<\/p>\n\n\n\n<p><strong><em>SIGNES DE S\u00c9CURIT\u00c9:<\/em><\/strong> Vous devez vous conformer en tout temps aux affichages de s\u00e9curit\u00e9 en place dans les locaux de <em>Find the key<\/em>.<\/p>\n\n\n\n<p><strong><em>SURVEILLANCE VIDEO :<\/em><\/strong> Vous donnez \u00e0 <em>Find the key<\/em> le droit d\u2019utiliser les cam\u00e9ras de surveillance pour surveiller le jeu mais aussi en cas de dommages de propri\u00e9t\u00e9 ou des installations de <em>Find the key<\/em>.<\/p>\n\n\n\n<p><strong><em>ALCOOLS ET DROGUES:<\/em><\/strong> Il est interdit de participer \u00e0 une activit\u00e9 \u00e0 <em>Find the key<\/em> en \u00e9tant sous l\u2019influence de drogue ou d\u2019alcool.<\/p>\n\n\n\n<p><strong><em>NOURRITURE ET BOISSON:<\/em><\/strong> Aucune nourriture ou boisson ne doivent \u00eatre consomm\u00e9es durant l\u2019activit\u00e9 ou dans le centre.&nbsp;<\/p>\n\n\n\n<p><strong><em>T\u00c9L\u00c9PHONES MOBILES ou OBJETS ELECTRONIQUES SIMILAIRES:<\/em><\/strong> Les t\u00e9l\u00e9phones cellulaires ou tout autres objets \u00e9lectroniques ne doivent pas \u00eatre utilis\u00e9s durant les activit\u00e9s du jeux d\u2019\u00e9vasion. Ils doivent \u00eatre plac\u00e9s dans les vestiaires s\u00e9curis\u00e9s mis \u00e0 disposition des joueurs.<\/p>\n\n\n\n<p><strong><em>ITEMS DANGEREUX:<\/em><\/strong> Aucun item dangereux, objet pointu, arme, couteau ou allumette n\u2019est permis dans les locaux.<\/p>\n\n\n\n<p><strong><em>FUMER:<\/em><\/strong> &nbsp;Il est strictement interdit de fumer dans les locaux de <em>Find the key<\/em>.<\/p>\n\n\n\n<p><strong><em>ARR\u00caT DU JEU:<\/em><\/strong> Les employ\u00e9s de <em>Find the key<\/em> se r\u00e9servent le droit de refuser quiconque ne respectant pas les r\u00e8gles ci-dessus. Toutes les pi\u00e8ces de jeu doivent \u00eatre retourn\u00e9es apr\u00e8s le jeu. <em>Find the key<\/em> se r\u00e9serve le droit de r\u00e9clamer une indemnit\u00e9 pour toute tentative d\u00e9lib\u00e9r\u00e9e de causer des dommages au mat\u00e9riel, aux \u00e9quipements ou aux locaux. Il est aussi entendu que <em>Find the key<\/em> peut mettre fin au jeu \u00e0 tout moment si l\u2019un des participants refuse d\u2019ob\u00e9ir aux r\u00e8gles fix\u00e9es par <em>Find the key<\/em> ou de suivre les instructions des employ\u00e9s de <em>Find the key<\/em>. Aucun remboursement partiel ou complet des frais ne sera accord\u00e9 dans une telle situation.<\/p>\n\n\n\n<p><strong><em>CERTIFICATS-CADEAUX :&nbsp;<\/em><\/strong>Les billets rachet\u00e9s apr\u00e8s une exp\u00e9rience dans un centre avec un rabais sont valables pour tous nos centres : ils sont utilisables dans le centre Find the key, \u00c9chappe-Toi, Vortex Plateau et Vortex Quartier Latin. Ce sont des ventes finales, aucun remboursement ne sera accord\u00e9 sur les certificats-cadeaux.&nbsp;<\/p>\n","protected":false},"excerpt":{"rendered":"<p>TERMES &amp; CONDITIONS Cette entente s\u2019applique \u00e0 toute activit\u00e9 relative \u00e0 Find the key. En utilisant cette page web, en effectuant une r\u00e9servation ou en utilisant les locaux de Find the key, vous attestez que vous avez examin\u00e9 et que vous comprenez les conditions pr\u00e9vues par la pr\u00e9sente, et que vous acceptez, sans restriction ni [&hellip;]<\/p>\n","protected":false},"author":1,"featured_media":0,"parent":0,"menu_order":10,"comment_status":"closed","ping_status":"closed","template":"","meta":{"footnotes":""},"class_list":["post-1370","page","type-page","status-publish","hentry"],"yoast_head":"<!-- This site is optimized with the Yoast SEO plugin v27.0 - https:\/\/yoast.com\/product\/yoast-seo-wordpress\/ -->\n<title>CGV - Find the Key<\/title>\n<meta name=\"robots\" content=\"index, follow, max-snippet:-1, max-image-preview:large, max-video-preview:-1\" \/>\n<link rel=\"canonical\" href=\"https:\/\/findthekey.ca\/fr\/cgv\/\" \/>\n<meta property=\"og:locale\" content=\"fr_FR\" \/>\n<meta property=\"og:type\" content=\"article\" \/>\n<meta property=\"og:title\" content=\"CGV - Find the Key\" \/>\n<meta property=\"og:description\" content=\"TERMES &amp; CONDITIONS Cette entente s\u2019applique \u00e0 toute activit\u00e9 relative \u00e0 Find the key. En utilisant cette page web, en effectuant une r\u00e9servation ou en utilisant les locaux de Find the key, vous attestez que vous avez examin\u00e9 et que vous comprenez les conditions pr\u00e9vues par la pr\u00e9sente, et que vous acceptez, sans restriction ni [&hellip;]\" \/>\n<meta property=\"og:url\" content=\"https:\/\/findthekey.ca\/fr\/cgv\/\" \/>\n<meta property=\"og:site_name\" content=\"Find the Key\" \/>\n<meta property=\"article:modified_time\" content=\"2024-06-19T13:02:50+00:00\" \/>\n<meta name=\"twitter:card\" content=\"summary_large_image\" \/>\n<meta name=\"twitter:label1\" content=\"Dur\u00e9e de lecture estim\u00e9e\" \/>\n\t<meta name=\"twitter:data1\" content=\"5 minutes\" \/>\n<script type=\"application\/ld+json\" class=\"yoast-schema-graph\">{\"@context\":\"https:\/\/schema.org\",\"@graph\":[{\"@type\":\"WebPage\",\"@id\":\"https:\/\/findthekey.ca\/fr\/cgv\/\",\"url\":\"https:\/\/findthekey.ca\/fr\/cgv\/\",\"name\":\"CGV - Find the Key\",\"isPartOf\":{\"@id\":\"https:\/\/findthekey.ca\/fr\/#website\"},\"datePublished\":\"2020-01-20T13:32:54+00:00\",\"dateModified\":\"2024-06-19T13:02:50+00:00\",\"breadcrumb\":{\"@id\":\"https:\/\/findthekey.ca\/fr\/cgv\/#breadcrumb\"},\"inLanguage\":\"fr-FR\",\"potentialAction\":[{\"@type\":\"ReadAction\",\"target\":[\"https:\/\/findthekey.ca\/fr\/cgv\/\"]}]},{\"@type\":\"BreadcrumbList\",\"@id\":\"https:\/\/findthekey.ca\/fr\/cgv\/#breadcrumb\",\"itemListElement\":[{\"@type\":\"ListItem\",\"position\":1,\"name\":\"Home\",\"item\":\"https:\/\/findthekey.ca\/fr\/\"},{\"@type\":\"ListItem\",\"position\":2,\"name\":\"CGV\"}]},{\"@type\":\"WebSite\",\"@id\":\"https:\/\/findthekey.ca\/fr\/#website\",\"url\":\"https:\/\/findthekey.ca\/fr\/\",\"name\":\"Find the Key\",\"description\":\"\",\"publisher\":{\"@id\":\"https:\/\/findthekey.ca\/fr\/#organization\"},\"potentialAction\":[{\"@type\":\"SearchAction\",\"target\":{\"@type\":\"EntryPoint\",\"urlTemplate\":\"https:\/\/findthekey.ca\/fr\/?s={search_term_string}\"},\"query-input\":{\"@type\":\"PropertyValueSpecification\",\"valueRequired\":true,\"valueName\":\"search_term_string\"}}],\"inLanguage\":\"fr-FR\"},{\"@type\":\"Organization\",\"@id\":\"https:\/\/findthekey.ca\/fr\/#organization\",\"name\":\"Find the Key\",\"url\":\"https:\/\/findthekey.ca\/fr\/\",\"logo\":{\"@type\":\"ImageObject\",\"inLanguage\":\"fr-FR\",\"@id\":\"https:\/\/findthekey.ca\/fr\/#\/schema\/logo\/image\/\",\"url\":\"https:\/\/findthekey.ca\/wp-content\/uploads\/2020\/02\/logo2.png\",\"contentUrl\":\"https:\/\/findthekey.ca\/wp-content\/uploads\/2020\/02\/logo2.png\",\"width\":287,\"height\":150,\"caption\":\"Find the Key\"},\"image\":{\"@id\":\"https:\/\/findthekey.ca\/fr\/#\/schema\/logo\/image\/\"}}]}<\/script>\n<!-- \/ Yoast SEO plugin. -->","yoast_head_json":{"title":"CGV - Find the Key","robots":{"index":"index","follow":"follow","max-snippet":"max-snippet:-1","max-image-preview":"max-image-preview:large","max-video-preview":"max-video-preview:-1"},"canonical":"https:\/\/findthekey.ca\/fr\/cgv\/","og_locale":"fr_FR","og_type":"article","og_title":"CGV - Find the Key","og_description":"TERMES &amp; CONDITIONS Cette entente s\u2019applique \u00e0 toute activit\u00e9 relative \u00e0 Find the key. En utilisant cette page web, en effectuant une r\u00e9servation ou en utilisant les locaux de Find the key, vous attestez que vous avez examin\u00e9 et que vous comprenez les conditions pr\u00e9vues par la pr\u00e9sente, et que vous acceptez, sans restriction ni [&hellip;]","og_url":"https:\/\/findthekey.ca\/fr\/cgv\/","og_site_name":"Find the Key","article_modified_time":"2024-06-19T13:02:50+00:00","twitter_card":"summary_large_image","twitter_misc":{"Dur\u00e9e de lecture estim\u00e9e":"5 minutes"},"schema":{"@context":"https:\/\/schema.org","@graph":[{"@type":"WebPage","@id":"https:\/\/findthekey.ca\/fr\/cgv\/","url":"https:\/\/findthekey.ca\/fr\/cgv\/","name":"CGV - Find the Key","isPartOf":{"@id":"https:\/\/findthekey.ca\/fr\/#website"},"datePublished":"2020-01-20T13:32:54+00:00","dateModified":"2024-06-19T13:02:50+00:00","breadcrumb":{"@id":"https:\/\/findthekey.ca\/fr\/cgv\/#breadcrumb"},"inLanguage":"fr-FR","potentialAction":[{"@type":"ReadAction","target":["https:\/\/findthekey.ca\/fr\/cgv\/"]}]},{"@type":"BreadcrumbList","@id":"https:\/\/findthekey.ca\/fr\/cgv\/#breadcrumb","itemListElement":[{"@type":"ListItem","position":1,"name":"Home","item":"https:\/\/findthekey.ca\/fr\/"},{"@type":"ListItem","position":2,"name":"CGV"}]},{"@type":"WebSite","@id":"https:\/\/findthekey.ca\/fr\/#website","url":"https:\/\/findthekey.ca\/fr\/","name":"Find the Key","description":"","publisher":{"@id":"https:\/\/findthekey.ca\/fr\/#organization"},"potentialAction":[{"@type":"SearchAction","target":{"@type":"EntryPoint","urlTemplate":"https:\/\/findthekey.ca\/fr\/?s={search_term_string}"},"query-input":{"@type":"PropertyValueSpecification","valueRequired":true,"valueName":"search_term_string"}}],"inLanguage":"fr-FR"},{"@type":"Organization","@id":"https:\/\/findthekey.ca\/fr\/#organization","name":"Find the Key","url":"https:\/\/findthekey.ca\/fr\/","logo":{"@type":"ImageObject","inLanguage":"fr-FR","@id":"https:\/\/findthekey.ca\/fr\/#\/schema\/logo\/image\/","url":"https:\/\/findthekey.ca\/wp-content\/uploads\/2020\/02\/logo2.png","contentUrl":"https:\/\/findthekey.ca\/wp-content\/uploads\/2020\/02\/logo2.png","width":287,"height":150,"caption":"Find the Key"},"image":{"@id":"https:\/\/findthekey.ca\/fr\/#\/schema\/logo\/image\/"}}]}},"_links":{"self":[{"href":"https:\/\/findthekey.ca\/fr\/wp-json\/wp\/v2\/pages\/1370","targetHints":{"allow":["GET"]}}],"collection":[{"href":"https:\/\/findthekey.ca\/fr\/wp-json\/wp\/v2\/pages"}],"about":[{"href":"https:\/\/findthekey.ca\/fr\/wp-json\/wp\/v2\/types\/page"}],"author":[{"embeddable":true,"href":"https:\/\/findthekey.ca\/fr\/wp-json\/wp\/v2\/users\/1"}],"replies":[{"embeddable":true,"href":"https:\/\/findthekey.ca\/fr\/wp-json\/wp\/v2\/comments?post=1370"}],"version-history":[{"count":0,"href":"https:\/\/findthekey.ca\/fr\/wp-json\/wp\/v2\/pages\/1370\/revisions"}],"wp:attachment":[{"href":"https:\/\/findthekey.ca\/fr\/wp-json\/wp\/v2\/media?parent=1370"}],"curies":[{"name":"wp","href":"https:\/\/api.w.org\/{rel}","templated":true}]}}