{"id":2645,"date":"2024-03-26T10:05:51","date_gmt":"2024-03-26T14:05:51","guid":{"rendered":"https:\/\/findthekey.ca\/?page_id=2645"},"modified":"2024-03-26T10:10:07","modified_gmt":"2024-03-26T14:10:07","slug":"emplois","status":"publish","type":"page","link":"https:\/\/findthekey.ca\/fr\/emplois\/","title":{"rendered":"EMPLOIS"},"content":{"rendered":"\n<h2 class=\"wp-block-heading\">Tu es \u00e0 la recherche de nouveaux d\u00e9fis et tu voudrais rejoindre notre \u00e9quipe?<\/h2>\n\n\n\n<p>Tu n\u2019as qu\u2019\u00e0 cliquer sur le bouton juste ici pour \u00eatre redirig\u00e9 vers la section carri\u00e8re de nos centres o\u00f9 tu pourras consulter toutes les offres disponibles et soumettre ta candidature.<\/p>\n\n\n\n<p>On a tr\u00e8s h\u00e2te de te rencontrer!<\/p>\n\n\n\n<div class=\"wp-block-buttons is-layout-flex wp-block-buttons-is-layout-flex\">\n<div class=\"wp-block-button\"><a class=\"wp-block-button__link wp-element-button\" href=\"https:\/\/echappetoi.com\/carriere\/\" target=\"_blank\" rel=\"noreferrer noopener\">Consulter les offres<\/a><\/div>\n<\/div>\n","protected":false},"excerpt":{"rendered":"<p>Tu es \u00e0 la recherche de nouveaux d\u00e9fis et tu voudrais rejoindre notre \u00e9quipe? Tu n\u2019as qu\u2019\u00e0 cliquer sur le bouton juste ici pour \u00eatre redirig\u00e9 vers la section carri\u00e8re de nos centres o\u00f9 tu pourras consulter toutes les offres disponibles et soumettre ta candidature. On a tr\u00e8s h\u00e2te de te rencontrer!<\/p>\n","protected":false},"author":3,"featured_media":0,"parent":0,"menu_order":0,"comment_status":"closed","ping_status":"closed","template":"","meta":{"footnotes":""},"class_list":["post-2645","page","type-page","status-publish","hentry"],"yoast_head":"<!-- This site is optimized with the Yoast SEO plugin v27.0 - https:\/\/yoast.com\/product\/yoast-seo-wordpress\/ -->\n<title>EMPLOIS - Find the Key<\/title>\n<meta name=\"robots\" content=\"index, follow, max-snippet:-1, max-image-preview:large, max-video-preview:-1\" \/>\n<link rel=\"canonical\" href=\"https:\/\/findthekey.ca\/fr\/emplois\/\" \/>\n<meta property=\"og:locale\" content=\"fr_FR\" \/>\n<meta property=\"og:type\" content=\"article\" \/>\n<meta property=\"og:title\" content=\"EMPLOIS - Find the Key\" \/>\n<meta property=\"og:description\" content=\"Tu es \u00e0 la recherche de nouveaux d\u00e9fis et tu voudrais rejoindre notre \u00e9quipe? Tu n\u2019as qu\u2019\u00e0 cliquer sur le bouton juste ici pour \u00eatre redirig\u00e9 vers la section carri\u00e8re de nos centres o\u00f9 tu pourras consulter toutes les offres disponibles et soumettre ta candidature. On a tr\u00e8s h\u00e2te de te rencontrer!\" \/>\n<meta property=\"og:url\" content=\"https:\/\/findthekey.ca\/fr\/emplois\/\" \/>\n<meta property=\"og:site_name\" content=\"Find the Key\" \/>\n<meta property=\"article:modified_time\" content=\"2024-03-26T14:10:07+00:00\" \/>\n<meta name=\"twitter:card\" content=\"summary_large_image\" \/>\n<meta name=\"twitter:label1\" content=\"Dur\u00e9e de lecture estim\u00e9e\" \/>\n\t<meta name=\"twitter:data1\" content=\"1 minute\" \/>\n<script type=\"application\/ld+json\" class=\"yoast-schema-graph\">{\"@context\":\"https:\/\/schema.org\",\"@graph\":[{\"@type\":\"WebPage\",\"@id\":\"https:\/\/findthekey.ca\/fr\/emplois\/\",\"url\":\"https:\/\/findthekey.ca\/fr\/emplois\/\",\"name\":\"EMPLOIS - Find the Key\",\"isPartOf\":{\"@id\":\"https:\/\/findthekey.ca\/fr\/#website\"},\"datePublished\":\"2024-03-26T14:05:51+00:00\",\"dateModified\":\"2024-03-26T14:10:07+00:00\",\"breadcrumb\":{\"@id\":\"https:\/\/findthekey.ca\/fr\/emplois\/#breadcrumb\"},\"inLanguage\":\"fr-FR\",\"potentialAction\":[{\"@type\":\"ReadAction\",\"target\":[\"https:\/\/findthekey.ca\/fr\/emplois\/\"]}]},{\"@type\":\"BreadcrumbList\",\"@id\":\"https:\/\/findthekey.ca\/fr\/emplois\/#breadcrumb\",\"itemListElement\":[{\"@type\":\"ListItem\",\"position\":1,\"name\":\"Home\",\"item\":\"https:\/\/findthekey.ca\/fr\/\"},{\"@type\":\"ListItem\",\"position\":2,\"name\":\"EMPLOIS\"}]},{\"@type\":\"WebSite\",\"@id\":\"https:\/\/findthekey.ca\/fr\/#website\",\"url\":\"https:\/\/findthekey.ca\/fr\/\",\"name\":\"Find the Key\",\"description\":\"\",\"publisher\":{\"@id\":\"https:\/\/findthekey.ca\/fr\/#organization\"},\"potentialAction\":[{\"@type\":\"SearchAction\",\"target\":{\"@type\":\"EntryPoint\",\"urlTemplate\":\"https:\/\/findthekey.ca\/fr\/?s={search_term_string}\"},\"query-input\":{\"@type\":\"PropertyValueSpecification\",\"valueRequired\":true,\"valueName\":\"search_term_string\"}}],\"inLanguage\":\"fr-FR\"},{\"@type\":\"Organization\",\"@id\":\"https:\/\/findthekey.ca\/fr\/#organization\",\"name\":\"Find the Key\",\"url\":\"https:\/\/findthekey.ca\/fr\/\",\"logo\":{\"@type\":\"ImageObject\",\"inLanguage\":\"fr-FR\",\"@id\":\"https:\/\/findthekey.ca\/fr\/#\/schema\/logo\/image\/\",\"url\":\"https:\/\/findthekey.ca\/wp-content\/uploads\/2020\/02\/logo2.png\",\"contentUrl\":\"https:\/\/findthekey.ca\/wp-content\/uploads\/2020\/02\/logo2.png\",\"width\":287,\"height\":150,\"caption\":\"Find the Key\"},\"image\":{\"@id\":\"https:\/\/findthekey.ca\/fr\/#\/schema\/logo\/image\/\"}}]}<\/script>\n<!-- \/ Yoast SEO plugin. -->","yoast_head_json":{"title":"EMPLOIS - Find the Key","robots":{"index":"index","follow":"follow","max-snippet":"max-snippet:-1","max-image-preview":"max-image-preview:large","max-video-preview":"max-video-preview:-1"},"canonical":"https:\/\/findthekey.ca\/fr\/emplois\/","og_locale":"fr_FR","og_type":"article","og_title":"EMPLOIS - Find the Key","og_description":"Tu es \u00e0 la recherche de nouveaux d\u00e9fis et tu voudrais rejoindre notre \u00e9quipe? Tu n\u2019as qu\u2019\u00e0 cliquer sur le bouton juste ici pour \u00eatre redirig\u00e9 vers la section carri\u00e8re de nos centres o\u00f9 tu pourras consulter toutes les offres disponibles et soumettre ta candidature. On a tr\u00e8s h\u00e2te de te rencontrer!","og_url":"https:\/\/findthekey.ca\/fr\/emplois\/","og_site_name":"Find the Key","article_modified_time":"2024-03-26T14:10:07+00:00","twitter_card":"summary_large_image","twitter_misc":{"Dur\u00e9e de lecture estim\u00e9e":"1 minute"},"schema":{"@context":"https:\/\/schema.org","@graph":[{"@type":"WebPage","@id":"https:\/\/findthekey.ca\/fr\/emplois\/","url":"https:\/\/findthekey.ca\/fr\/emplois\/","name":"EMPLOIS - Find the Key","isPartOf":{"@id":"https:\/\/findthekey.ca\/fr\/#website"},"datePublished":"2024-03-26T14:05:51+00:00","dateModified":"2024-03-26T14:10:07+00:00","breadcrumb":{"@id":"https:\/\/findthekey.ca\/fr\/emplois\/#breadcrumb"},"inLanguage":"fr-FR","potentialAction":[{"@type":"ReadAction","target":["https:\/\/findthekey.ca\/fr\/emplois\/"]}]},{"@type":"BreadcrumbList","@id":"https:\/\/findthekey.ca\/fr\/emplois\/#breadcrumb","itemListElement":[{"@type":"ListItem","position":1,"name":"Home","item":"https:\/\/findthekey.ca\/fr\/"},{"@type":"ListItem","position":2,"name":"EMPLOIS"}]},{"@type":"WebSite","@id":"https:\/\/findthekey.ca\/fr\/#website","url":"https:\/\/findthekey.ca\/fr\/","name":"Find the Key","description":"","publisher":{"@id":"https:\/\/findthekey.ca\/fr\/#organization"},"potentialAction":[{"@type":"SearchAction","target":{"@type":"EntryPoint","urlTemplate":"https:\/\/findthekey.ca\/fr\/?s={search_term_string}"},"query-input":{"@type":"PropertyValueSpecification","valueRequired":true,"valueName":"search_term_string"}}],"inLanguage":"fr-FR"},{"@type":"Organization","@id":"https:\/\/findthekey.ca\/fr\/#organization","name":"Find the Key","url":"https:\/\/findthekey.ca\/fr\/","logo":{"@type":"ImageObject","inLanguage":"fr-FR","@id":"https:\/\/findthekey.ca\/fr\/#\/schema\/logo\/image\/","url":"https:\/\/findthekey.ca\/wp-content\/uploads\/2020\/02\/logo2.png","contentUrl":"https:\/\/findthekey.ca\/wp-content\/uploads\/2020\/02\/logo2.png","width":287,"height":150,"caption":"Find the Key"},"image":{"@id":"https:\/\/findthekey.ca\/fr\/#\/schema\/logo\/image\/"}}]}},"_links":{"self":[{"href":"https:\/\/findthekey.ca\/fr\/wp-json\/wp\/v2\/pages\/2645","targetHints":{"allow":["GET"]}}],"collection":[{"href":"https:\/\/findthekey.ca\/fr\/wp-json\/wp\/v2\/pages"}],"about":[{"href":"https:\/\/findthekey.ca\/fr\/wp-json\/wp\/v2\/types\/page"}],"author":[{"embeddable":true,"href":"https:\/\/findthekey.ca\/fr\/wp-json\/wp\/v2\/users\/3"}],"replies":[{"embeddable":true,"href":"https:\/\/findthekey.ca\/fr\/wp-json\/wp\/v2\/comments?post=2645"}],"version-history":[{"count":0,"href":"https:\/\/findthekey.ca\/fr\/wp-json\/wp\/v2\/pages\/2645\/revisions"}],"wp:attachment":[{"href":"https:\/\/findthekey.ca\/fr\/wp-json\/wp\/v2\/media?parent=2645"}],"curies":[{"name":"wp","href":"https:\/\/api.w.org\/{rel}","templated":true}]}}