{"id":2668,"date":"2024-04-12T11:35:30","date_gmt":"2024-04-12T15:35:30","guid":{"rendered":"https:\/\/findthekey.ca\/?page_id=2668"},"modified":"2024-08-15T15:59:44","modified_gmt":"2024-08-15T19:59:44","slug":"reglements-du-concours-corbeau","status":"publish","type":"page","link":"https:\/\/findthekey.ca\/fr\/reglements-du-concours-corbeau\/","title":{"rendered":"R\u00e8glements du concours \u00ab\u00a0Le Corbeau\u00a0\u00bb pour Find the Key et \u00c0 Double Tour"},"content":{"rendered":"\n<h2 class=\"wp-block-heading\">R\u00e8glements du concours \u00ab\u00a0Le Corbeau\u00a0\u00bb pour Find the Key et \u00c0 Double Tour<\/h2>\n\n\n\n<h2 class=\"wp-block-heading\">Conditions et r\u00e8glements<\/h2>\n\n\n\n<p><em>Ce concours se d\u00e9roule sur Facebook et Instagram. Tous les participants qui s\u2019inscrivent au concours acceptent de se soumettre aux conditions et r\u00e8glements du concours.<\/em>&nbsp;<br>&nbsp;<\/p>\n\n\n\n<p><strong><em>P\u00c9RIODE DU CONCOURS<\/em><\/strong>&nbsp;<br>&nbsp;<\/p>\n\n\n\n<p><em>&#8211; Le concours d\u00e9bute le 15 ao\u00fbt 2024 \u00e0 midi (heure de l\u2019Est) et se termine 21 ao\u00fbt 2024 \u00e0 minuit (heure de l\u2019Est). <\/em>\u00a0<br>\u00a0<br><strong><em>ADMISSIBILIT\u00c9<\/em><\/strong>\u00a0<br>\u00a0<\/p>\n\n\n\n<p><em>&#8211; Pour participer, les personnes doivent \u00eatre \u00e2g\u00e9es de 18 ans et plus et r\u00e9sider au Canada.<\/em> &nbsp;<br><em>&#8211; Les gagnants doivent consentir \u00e0 ce que leur nom et leur photo, le cas \u00e9ch\u00e9ant, soient utilis\u00e9s par <\/em>Find the Key<em> et <\/em>\u00c0 Double Tour<em> \u00e0 des fins publicitaires, et ce, sans r\u00e9mun\u00e9ration.<\/em>&nbsp;<br>&nbsp;<\/p>\n\n\n\n<p><strong><em>COMMENT PARTICIPER<\/em><\/strong>&nbsp;<br>&nbsp;<br>Pour le concours Facebook:<\/p>\n\n\n\n<p><em>&#8211; Les participants doivent obligatoirement poss\u00e9der un compte Facebook.<\/em> &nbsp;<br><em>&#8211; La participation se fait par Internet (<a href=\"https:\/\/www.facebook.com\/trouverlacle\" target=\"_blank\" rel=\"noreferrer noopener\">www.facebook.com\/trouverlacle<\/a>).<\/em>&nbsp;<br>&nbsp;<\/p>\n\n\n\n<p>Pour participer : \u00a0<br>\u00a0<br>+ Vous devez avoir un compte sur Facebook; \u00a0<br>+ Aller sur la publication du 15 ao\u00fbt 2024; \u00a0<br>+ Commenter la publication en r\u00e9pondant \u00e0 la question.\u00a0<\/p>\n\n\n\n<p><em>&#8211; Limite d\u2019une (1) inscription par personne, pour chaque publication.<\/em>&nbsp;<br><br><\/p>\n\n\n\n<p>Pour le concours Instagram:<\/p>\n\n\n\n<p><em>&#8211; Les participants doivent obligatoirement poss\u00e9der un compte Instagram.<\/em> &nbsp;<br><em>&#8211; La participation se fait par Internet (<a href=\"https:\/\/www.instagram.com\/findthekeymtl\/\">www.instagram.com\/findthekeymtl\/<\/a>).<\/em>&nbsp;<br>&nbsp;<\/p>\n\n\n\n<p>Pour participer : \u00a0<br>\u00a0<br>+ Vous devez avoir un compte sur Instagram; \u00a0<br>+ Aller sur la publication du 15 ao\u00fbt 2024; \u00a0<br>+ Commenter la publication en r\u00e9pondant \u00e0 la question.\u00a0<\/p>\n\n\n\n<p><em>&#8211; Limite d\u2019une (1) inscription par personne, pour chaque publication.<\/em>&nbsp;<\/p>\n\n\n\n<p><br>&nbsp;<\/p>\n\n\n\n<p><strong><em>TIRAGE<\/em><\/strong>&nbsp;<br>&nbsp;<\/p>\n\n\n\n<p><em>&#8211; Les tirages se tiendront le 22 ao\u00fbt 2024 sur chaque plateforme respective, parmi toutes les inscriptions re\u00e7ues sur chacune des publications. Les chances de gagner sont tributaires du nombre total de participations.<\/em> \u00a0<br><em>&#8211; Un repr\u00e9sentant de Find the Key ou \u00c0 Double Tour communiquera avec les gagnants au cours des vingt-quatre (24) heures suivant chaque tirage.<\/em> \u00a0<br><em>&#8211; Si un gagnant ne peut \u00eatre joint dans les vingt-quatre (24) heures suivant la date du tirage, un repr\u00e9sentant de Find the Key ou \u00c0 Double Tour proc\u00e9dera \u00e0 un autre tirage.<\/em> \u00a0<br><em>&#8211; Pour le concours sur les pages de Find the Key, les personnes gagnantes seront contact\u00e9es par message priv\u00e9 ou directement en commentaire sous la publication par un repr\u00e9sentant de Find the Key. Elles devront venir chercher leur prix \u00e0 notre centre situ\u00e9 au <\/em>1000 R. Atateken #101, Montr\u00e9al, QC H2L 3K5\u00a0<\/p>\n\n\n\n<p><em>&#8211; Pour le concours sur les pages de \u00c0 Double Tour, les personnes gagnantes seront contact\u00e9es par message priv\u00e9 ou directement en commentaire sous la publication par un repr\u00e9sentant de \u00c0 Double Tour. Elles devront venir chercher leur prix \u00e0 notre centre situ\u00e9 au <\/em>430, rue du Parvis #201, Qu\u00e9bec, QC &nbsp;G1K 6H8<\/p>\n\n\n\n<p><strong><em>LES PRIX<\/em><\/strong> \u00a0<br>\u00a0<br>2x Une paire de billets pour aller voir le film \u00ab\u00a0Le Corbeau\u00a0\u00bb au cin\u00e9ma (une paire pour chacun des tirages) pour Find the Key.\u00a0<\/p>\n\n\n\n<p>2x Une paire de billets pour aller voir le film \u00ab\u00a0Le Corbeau\u00a0\u00bb au cin\u00e9ma (une paire pour chacun des tirages) pour \u00c0 Double Tour.<br>\u00a0<\/p>\n\n\n\n<p><em>* Cette promotion n\u2019est ni g\u00e9r\u00e9e ni parrain\u00e9e par Facebook ou Instagram. Les informations partag\u00e9es seront fournies \u00e0 Find the Key et \u00c0 Double Tour et non \u00e0 Facebook ou Instagram.<\/em> &nbsp;<br><em>* Ce concours est assujetti aux lois du Qu\u00e9bec.<\/em> <em> <\/em>&nbsp;<\/p>\n\n\n\n<div class=\"wp-block-buttons is-layout-flex wp-block-buttons-is-layout-flex\"><\/div>\n","protected":false},"excerpt":{"rendered":"<p>R\u00e8glements du concours \u00ab\u00a0Le Corbeau\u00a0\u00bb pour Find the Key et \u00c0 Double Tour Conditions et r\u00e8glements Ce concours se d\u00e9roule sur Facebook et Instagram. Tous les participants qui s\u2019inscrivent au concours acceptent de se soumettre aux conditions et r\u00e8glements du concours.&nbsp;&nbsp; P\u00c9RIODE DU CONCOURS&nbsp;&nbsp; &#8211; Le concours d\u00e9bute le 15 ao\u00fbt 2024 \u00e0 midi (heure [&hellip;]<\/p>\n","protected":false},"author":3,"featured_media":0,"parent":0,"menu_order":0,"comment_status":"closed","ping_status":"closed","template":"","meta":{"footnotes":""},"class_list":["post-2668","page","type-page","status-publish","hentry"],"yoast_head":"<!-- This site is optimized with the Yoast SEO plugin v27.0 - https:\/\/yoast.com\/product\/yoast-seo-wordpress\/ -->\n<title>R\u00e8glements du concours &quot;Le Corbeau&quot; pour Find the Key et \u00c0 Double Tour - Find the Key<\/title>\n<meta name=\"robots\" content=\"index, follow, max-snippet:-1, max-image-preview:large, max-video-preview:-1\" \/>\n<link rel=\"canonical\" href=\"https:\/\/findthekey.ca\/fr\/reglements-du-concours-corbeau\/\" \/>\n<meta property=\"og:locale\" content=\"fr_FR\" \/>\n<meta property=\"og:type\" content=\"article\" \/>\n<meta property=\"og:title\" content=\"R\u00e8glements du concours &quot;Le Corbeau&quot; pour Find the Key et \u00c0 Double Tour - Find the Key\" \/>\n<meta property=\"og:description\" content=\"R\u00e8glements du concours \u00ab\u00a0Le Corbeau\u00a0\u00bb pour Find the Key et \u00c0 Double Tour Conditions et r\u00e8glements Ce concours se d\u00e9roule sur Facebook et Instagram. Tous les participants qui s\u2019inscrivent au concours acceptent de se soumettre aux conditions et r\u00e8glements du concours.&nbsp;&nbsp; P\u00c9RIODE DU CONCOURS&nbsp;&nbsp; &#8211; Le concours d\u00e9bute le 15 ao\u00fbt 2024 \u00e0 midi (heure [&hellip;]\" \/>\n<meta property=\"og:url\" content=\"https:\/\/findthekey.ca\/fr\/reglements-du-concours-corbeau\/\" \/>\n<meta property=\"og:site_name\" content=\"Find the Key\" \/>\n<meta property=\"article:modified_time\" content=\"2024-08-15T19:59:44+00:00\" \/>\n<meta name=\"twitter:card\" content=\"summary_large_image\" \/>\n<meta name=\"twitter:label1\" content=\"Dur\u00e9e de lecture estim\u00e9e\" \/>\n\t<meta name=\"twitter:data1\" content=\"3 minutes\" \/>\n<script type=\"application\/ld+json\" class=\"yoast-schema-graph\">{\"@context\":\"https:\/\/schema.org\",\"@graph\":[{\"@type\":\"WebPage\",\"@id\":\"https:\/\/findthekey.ca\/fr\/reglements-du-concours-corbeau\/\",\"url\":\"https:\/\/findthekey.ca\/fr\/reglements-du-concours-corbeau\/\",\"name\":\"R\u00e8glements du concours \\\"Le Corbeau\\\" pour Find the Key et \u00c0 Double Tour - Find the Key\",\"isPartOf\":{\"@id\":\"https:\/\/findthekey.ca\/fr\/#website\"},\"datePublished\":\"2024-04-12T15:35:30+00:00\",\"dateModified\":\"2024-08-15T19:59:44+00:00\",\"breadcrumb\":{\"@id\":\"https:\/\/findthekey.ca\/fr\/reglements-du-concours-corbeau\/#breadcrumb\"},\"inLanguage\":\"fr-FR\",\"potentialAction\":[{\"@type\":\"ReadAction\",\"target\":[\"https:\/\/findthekey.ca\/fr\/reglements-du-concours-corbeau\/\"]}]},{\"@type\":\"BreadcrumbList\",\"@id\":\"https:\/\/findthekey.ca\/fr\/reglements-du-concours-corbeau\/#breadcrumb\",\"itemListElement\":[{\"@type\":\"ListItem\",\"position\":1,\"name\":\"Home\",\"item\":\"https:\/\/findthekey.ca\/fr\/\"},{\"@type\":\"ListItem\",\"position\":2,\"name\":\"R\u00e8glements du concours &#8220;Le Corbeau&#8221; pour Find the Key et \u00c0 Double Tour\"}]},{\"@type\":\"WebSite\",\"@id\":\"https:\/\/findthekey.ca\/fr\/#website\",\"url\":\"https:\/\/findthekey.ca\/fr\/\",\"name\":\"Find the Key\",\"description\":\"\",\"publisher\":{\"@id\":\"https:\/\/findthekey.ca\/fr\/#organization\"},\"potentialAction\":[{\"@type\":\"SearchAction\",\"target\":{\"@type\":\"EntryPoint\",\"urlTemplate\":\"https:\/\/findthekey.ca\/fr\/?s={search_term_string}\"},\"query-input\":{\"@type\":\"PropertyValueSpecification\",\"valueRequired\":true,\"valueName\":\"search_term_string\"}}],\"inLanguage\":\"fr-FR\"},{\"@type\":\"Organization\",\"@id\":\"https:\/\/findthekey.ca\/fr\/#organization\",\"name\":\"Find the Key\",\"url\":\"https:\/\/findthekey.ca\/fr\/\",\"logo\":{\"@type\":\"ImageObject\",\"inLanguage\":\"fr-FR\",\"@id\":\"https:\/\/findthekey.ca\/fr\/#\/schema\/logo\/image\/\",\"url\":\"https:\/\/findthekey.ca\/wp-content\/uploads\/2020\/02\/logo2.png\",\"contentUrl\":\"https:\/\/findthekey.ca\/wp-content\/uploads\/2020\/02\/logo2.png\",\"width\":287,\"height\":150,\"caption\":\"Find the Key\"},\"image\":{\"@id\":\"https:\/\/findthekey.ca\/fr\/#\/schema\/logo\/image\/\"}}]}<\/script>\n<!-- \/ Yoast SEO plugin. -->","yoast_head_json":{"title":"R\u00e8glements du concours \"Le Corbeau\" pour Find the Key et \u00c0 Double Tour - Find the Key","robots":{"index":"index","follow":"follow","max-snippet":"max-snippet:-1","max-image-preview":"max-image-preview:large","max-video-preview":"max-video-preview:-1"},"canonical":"https:\/\/findthekey.ca\/fr\/reglements-du-concours-corbeau\/","og_locale":"fr_FR","og_type":"article","og_title":"R\u00e8glements du concours \"Le Corbeau\" pour Find the Key et \u00c0 Double Tour - Find the Key","og_description":"R\u00e8glements du concours \u00ab\u00a0Le Corbeau\u00a0\u00bb pour Find the Key et \u00c0 Double Tour Conditions et r\u00e8glements Ce concours se d\u00e9roule sur Facebook et Instagram. Tous les participants qui s\u2019inscrivent au concours acceptent de se soumettre aux conditions et r\u00e8glements du concours.&nbsp;&nbsp; P\u00c9RIODE DU CONCOURS&nbsp;&nbsp; &#8211; Le concours d\u00e9bute le 15 ao\u00fbt 2024 \u00e0 midi (heure [&hellip;]","og_url":"https:\/\/findthekey.ca\/fr\/reglements-du-concours-corbeau\/","og_site_name":"Find the Key","article_modified_time":"2024-08-15T19:59:44+00:00","twitter_card":"summary_large_image","twitter_misc":{"Dur\u00e9e de lecture estim\u00e9e":"3 minutes"},"schema":{"@context":"https:\/\/schema.org","@graph":[{"@type":"WebPage","@id":"https:\/\/findthekey.ca\/fr\/reglements-du-concours-corbeau\/","url":"https:\/\/findthekey.ca\/fr\/reglements-du-concours-corbeau\/","name":"R\u00e8glements du concours \"Le Corbeau\" pour Find the Key et \u00c0 Double Tour - Find the Key","isPartOf":{"@id":"https:\/\/findthekey.ca\/fr\/#website"},"datePublished":"2024-04-12T15:35:30+00:00","dateModified":"2024-08-15T19:59:44+00:00","breadcrumb":{"@id":"https:\/\/findthekey.ca\/fr\/reglements-du-concours-corbeau\/#breadcrumb"},"inLanguage":"fr-FR","potentialAction":[{"@type":"ReadAction","target":["https:\/\/findthekey.ca\/fr\/reglements-du-concours-corbeau\/"]}]},{"@type":"BreadcrumbList","@id":"https:\/\/findthekey.ca\/fr\/reglements-du-concours-corbeau\/#breadcrumb","itemListElement":[{"@type":"ListItem","position":1,"name":"Home","item":"https:\/\/findthekey.ca\/fr\/"},{"@type":"ListItem","position":2,"name":"R\u00e8glements du concours &#8220;Le Corbeau&#8221; pour Find the Key et \u00c0 Double Tour"}]},{"@type":"WebSite","@id":"https:\/\/findthekey.ca\/fr\/#website","url":"https:\/\/findthekey.ca\/fr\/","name":"Find the Key","description":"","publisher":{"@id":"https:\/\/findthekey.ca\/fr\/#organization"},"potentialAction":[{"@type":"SearchAction","target":{"@type":"EntryPoint","urlTemplate":"https:\/\/findthekey.ca\/fr\/?s={search_term_string}"},"query-input":{"@type":"PropertyValueSpecification","valueRequired":true,"valueName":"search_term_string"}}],"inLanguage":"fr-FR"},{"@type":"Organization","@id":"https:\/\/findthekey.ca\/fr\/#organization","name":"Find the Key","url":"https:\/\/findthekey.ca\/fr\/","logo":{"@type":"ImageObject","inLanguage":"fr-FR","@id":"https:\/\/findthekey.ca\/fr\/#\/schema\/logo\/image\/","url":"https:\/\/findthekey.ca\/wp-content\/uploads\/2020\/02\/logo2.png","contentUrl":"https:\/\/findthekey.ca\/wp-content\/uploads\/2020\/02\/logo2.png","width":287,"height":150,"caption":"Find the Key"},"image":{"@id":"https:\/\/findthekey.ca\/fr\/#\/schema\/logo\/image\/"}}]}},"_links":{"self":[{"href":"https:\/\/findthekey.ca\/fr\/wp-json\/wp\/v2\/pages\/2668","targetHints":{"allow":["GET"]}}],"collection":[{"href":"https:\/\/findthekey.ca\/fr\/wp-json\/wp\/v2\/pages"}],"about":[{"href":"https:\/\/findthekey.ca\/fr\/wp-json\/wp\/v2\/types\/page"}],"author":[{"embeddable":true,"href":"https:\/\/findthekey.ca\/fr\/wp-json\/wp\/v2\/users\/3"}],"replies":[{"embeddable":true,"href":"https:\/\/findthekey.ca\/fr\/wp-json\/wp\/v2\/comments?post=2668"}],"version-history":[{"count":0,"href":"https:\/\/findthekey.ca\/fr\/wp-json\/wp\/v2\/pages\/2668\/revisions"}],"wp:attachment":[{"href":"https:\/\/findthekey.ca\/fr\/wp-json\/wp\/v2\/media?parent=2668"}],"curies":[{"name":"wp","href":"https:\/\/api.w.org\/{rel}","templated":true}]}}